{"id":24,"date":"2024-06-05T00:21:57","date_gmt":"2024-06-05T00:21:57","guid":{"rendered":"http:\/\/ringsem.ee\/amar\/contact\/"},"modified":"2024-07-09T07:11:02","modified_gmt":"2024-07-09T07:11:02","slug":"kontakt","status":"publish","type":"page","link":"http:\/\/www.ringsem.ee\/amar\/kontakt\/","title":{"rendered":"Kontakt"},"content":{"rendered":"\t\t<div data-elementor-type=\"wp-page\" data-elementor-id=\"24\" class=\"elementor elementor-24\">\n\t\t\t\t<div class=\"elementor-element elementor-element-ee6b098 e-flex e-con-boxed e-con e-parent\" data-id=\"ee6b098\" data-element_type=\"container\" data-e-type=\"container\" data-settings=\"{&quot;background_background&quot;:&quot;classic&quot;}\">\n\t\t\t\t\t<div class=\"e-con-inner\">\n\t\t<div class=\"elementor-element elementor-element-93eb822 e-con-full e-flex e-con e-child\" data-id=\"93eb822\" data-element_type=\"container\" data-e-type=\"container\">\n\t\t\t\t<div class=\"elementor-element elementor-element-36e7849 elementor-widget elementor-widget-heading\" data-id=\"36e7849\" data-element_type=\"widget\" data-e-type=\"widget\" data-widget_type=\"heading.default\">\n\t\t\t\t<div class=\"elementor-widget-container\">\n\t\t\t\t\t<h1 class=\"elementor-heading-title elementor-size-default\">Kontaktid<\/h1>\t\t\t\t<\/div>\n\t\t\t\t<\/div>\n\t\t\t\t<\/div>\n\t\t\t\t\t<\/div>\n\t\t\t\t<\/div>\n\t\t<div class=\"elementor-element elementor-element-71ce4c2 e-flex e-con-boxed e-con e-parent\" data-id=\"71ce4c2\" data-element_type=\"container\" data-e-type=\"container\" data-settings=\"{&quot;background_background&quot;:&quot;classic&quot;}\">\n\t\t\t\t\t<div class=\"e-con-inner\">\n\t\t<div class=\"elementor-element elementor-element-b6ddaff e-con-full e-flex e-con e-child\" data-id=\"b6ddaff\" data-element_type=\"container\" data-e-type=\"container\">\n\t\t\t\t<div class=\"elementor-element elementor-element-06dbf78 elementor-view-default elementor-position-block-start elementor-mobile-position-block-start elementor-widget elementor-widget-icon-box\" data-id=\"06dbf78\" data-element_type=\"widget\" data-e-type=\"widget\" data-widget_type=\"icon-box.default\">\n\t\t\t\t<div class=\"elementor-widget-container\">\n\t\t\t\t\t\t\t<div class=\"elementor-icon-box-wrapper\">\n\n\t\t\t\t\t\t<div class=\"elementor-icon-box-icon\">\n\t\t\t\t<span  class=\"elementor-icon\">\n\t\t\t\t<svg aria-hidden=\"true\" class=\"e-font-icon-svg e-far-envelope\" viewBox=\"0 0 512 512\" xmlns=\"http:\/\/www.w3.org\/2000\/svg\"><path d=\"M464 64H48C21.49 64 0 85.49 0 112v288c0 26.51 21.49 48 48 48h416c26.51 0 48-21.49 48-48V112c0-26.51-21.49-48-48-48zm0 48v40.805c-22.422 18.259-58.168 46.651-134.587 106.49-16.841 13.247-50.201 45.072-73.413 44.701-23.208.375-56.579-31.459-73.413-44.701C106.18 199.465 70.425 171.067 48 152.805V112h416zM48 400V214.398c22.914 18.251 55.409 43.862 104.938 82.646 21.857 17.205 60.134 55.186 103.062 54.955 42.717.231 80.509-37.199 103.053-54.947 49.528-38.783 82.032-64.401 104.947-82.653V400H48z\"><\/path><\/svg>\t\t\t\t<\/span>\n\t\t\t<\/div>\n\t\t\t\n\t\t\t\t\t\t<div class=\"elementor-icon-box-content\">\n\n\t\t\t\t\t\t\t\t\t<h5 class=\"elementor-icon-box-title\">\n\t\t\t\t\t\t<span  >\n\t\t\t\t\t\t\tamar@ringsem.ee\t\t\t\t\t\t<\/span>\n\t\t\t\t\t<\/h5>\n\t\t\t\t\n\t\t\t\t\t\t\t\t\t<p class=\"elementor-icon-box-description\">\n\t\t\t\t\t\tHinnap\u00e4ringud konsultatioon\t\t\t\t\t<\/p>\n\t\t\t\t\n\t\t\t<\/div>\n\t\t\t\n\t\t<\/div>\n\t\t\t\t\t\t<\/div>\n\t\t\t\t<\/div>\n\t\t\t\t<\/div>\n\t\t<div class=\"elementor-element elementor-element-a40dfbe e-con-full e-flex e-con e-child\" data-id=\"a40dfbe\" data-element_type=\"container\" data-e-type=\"container\">\n\t\t\t\t<div class=\"elementor-element elementor-element-b9e8209 elementor-view-default elementor-position-block-start elementor-mobile-position-block-start elementor-widget elementor-widget-icon-box\" data-id=\"b9e8209\" data-element_type=\"widget\" data-e-type=\"widget\" data-widget_type=\"icon-box.default\">\n\t\t\t\t<div class=\"elementor-widget-container\">\n\t\t\t\t\t\t\t<div class=\"elementor-icon-box-wrapper\">\n\n\t\t\t\t\t\t<div class=\"elementor-icon-box-icon\">\n\t\t\t\t<span  class=\"elementor-icon\">\n\t\t\t\t<svg aria-hidden=\"true\" class=\"e-font-icon-svg e-fas-phone\" viewBox=\"0 0 512 512\" xmlns=\"http:\/\/www.w3.org\/2000\/svg\"><path d=\"M493.4 24.6l-104-24c-11.3-2.6-22.9 3.3-27.5 13.9l-48 112c-4.2 9.8-1.4 21.3 6.9 28l60.6 49.6c-36 76.7-98.9 140.5-177.2 177.2l-49.6-60.6c-6.8-8.3-18.2-11.1-28-6.9l-112 48C3.9 366.5-2 378.1.6 389.4l24 104C27.1 504.2 36.7 512 48 512c256.1 0 464-207.5 464-464 0-11.2-7.7-20.9-18.6-23.4z\"><\/path><\/svg>\t\t\t\t<\/span>\n\t\t\t<\/div>\n\t\t\t\n\t\t\t\t\t\t<div class=\"elementor-icon-box-content\">\n\n\t\t\t\t\t\t\t\t\t<h5 class=\"elementor-icon-box-title\">\n\t\t\t\t\t\t<span  >\n\t\t\t\t\t\t\t+ 372 55 671 601\t\t\t\t\t\t<\/span>\n\t\t\t\t\t<\/h5>\n\t\t\t\t\n\t\t\t\t\t\t\t\t\t<p class=\"elementor-icon-box-description\">\n\t\t\t\t\t\tInfo ja konsultatsioon\t\t\t\t\t<\/p>\n\t\t\t\t\n\t\t\t<\/div>\n\t\t\t\n\t\t<\/div>\n\t\t\t\t\t\t<\/div>\n\t\t\t\t<\/div>\n\t\t\t\t<\/div>\n\t\t<div class=\"elementor-element elementor-element-2250864 e-con-full e-flex e-con e-child\" data-id=\"2250864\" data-element_type=\"container\" data-e-type=\"container\">\n\t\t\t\t<div class=\"elementor-element elementor-element-8ee3482 elementor-view-default elementor-position-block-start elementor-mobile-position-block-start elementor-widget elementor-widget-icon-box\" data-id=\"8ee3482\" data-element_type=\"widget\" data-e-type=\"widget\" data-widget_type=\"icon-box.default\">\n\t\t\t\t<div class=\"elementor-widget-container\">\n\t\t\t\t\t\t\t<div class=\"elementor-icon-box-wrapper\">\n\n\t\t\t\t\t\t<div class=\"elementor-icon-box-icon\">\n\t\t\t\t<span  class=\"elementor-icon\">\n\t\t\t\t<svg aria-hidden=\"true\" class=\"e-font-icon-svg e-fas-map-marker-alt\" viewBox=\"0 0 384 512\" xmlns=\"http:\/\/www.w3.org\/2000\/svg\"><path d=\"M172.268 501.67C26.97 291.031 0 269.413 0 192 0 85.961 85.961 0 192 0s192 85.961 192 192c0 77.413-26.97 99.031-172.268 309.67-9.535 13.774-29.93 13.773-39.464 0zM192 272c44.183 0 80-35.817 80-80s-35.817-80-80-80-80 35.817-80 80 35.817 80 80 80z\"><\/path><\/svg>\t\t\t\t<\/span>\n\t\t\t<\/div>\n\t\t\t\n\t\t\t\t\t\t<div class=\"elementor-icon-box-content\">\n\n\t\t\t\t\t\t\t\t\t<h5 class=\"elementor-icon-box-title\">\n\t\t\t\t\t\t<span  >\n\t\t\t\t\t\t\tPikaveski, Pikva k\u00fcla 74409, Anija Vald, Harjumaa\t\t\t\t\t\t<\/span>\n\t\t\t\t\t<\/h5>\n\t\t\t\t\n\t\t\t\t\t\t\t\t\t<p class=\"elementor-icon-box-description\">\n\t\t\t\t\t\tLadu, kaupade v\u00e4ljastamine kokkuleppel\t\t\t\t\t<\/p>\n\t\t\t\t\n\t\t\t<\/div>\n\t\t\t\n\t\t<\/div>\n\t\t\t\t\t\t<\/div>\n\t\t\t\t<\/div>\n\t\t\t\t<\/div>\n\t\t\t\t\t<\/div>\n\t\t\t\t<\/div>\n\t\t<div class=\"elementor-element elementor-element-ffa3bed e-flex e-con-boxed e-con e-parent\" data-id=\"ffa3bed\" data-element_type=\"container\" data-e-type=\"container\">\n\t\t\t\t\t<div class=\"e-con-inner\">\n\t\t\t\t<div class=\"elementor-element elementor-element-cb63c7f elementor-widget elementor-widget-wpforms\" data-id=\"cb63c7f\" data-element_type=\"widget\" data-e-type=\"widget\" data-widget_type=\"wpforms.default\">\n\t\t\t\t<div class=\"elementor-widget-container\">\n\t\t\t\t\t<div class=\"wpforms-container \" id=\"wpforms-1926\"><form id=\"wpforms-form-1926\" class=\"wpforms-validate wpforms-form wpforms-ajax-form\" data-formid=\"1926\" method=\"post\" enctype=\"multipart\/form-data\" action=\"\/amar\/wp-json\/wp\/v2\/pages\/24\" data-token=\"15eaff0464a759b57df4376c6c1d8fb6\" data-token-time=\"1778262963\"><noscript class=\"wpforms-error-noscript\">Please enable JavaScript in your browser to complete this form.<\/noscript><div class=\"wpforms-field-container\"><div id=\"wpforms-1926-field_0-container\" class=\"wpforms-field wpforms-field-name\" data-field-id=\"0\"><label class=\"wpforms-field-label\" for=\"wpforms-1926-field_0\">Nimi  <span class=\"wpforms-required-label\">*<\/span><\/label><div class=\"wpforms-field-row wpforms-field-medium\"><div class=\"wpforms-field-row-block wpforms-first wpforms-one-half\"><input type=\"text\" id=\"wpforms-1926-field_0\" class=\"wpforms-field-name-first wpforms-field-required\" name=\"wpforms[fields][0][first]\" placeholder=\"Eesnimi\" required><label for=\"wpforms-1926-field_0\" class=\"wpforms-field-sublabel after wpforms-sublabel-hide\">First<\/label><\/div><div class=\"wpforms-field-row-block wpforms-one-half\"><input type=\"text\" id=\"wpforms-1926-field_0-last\" class=\"wpforms-field-name-last wpforms-field-required\" name=\"wpforms[fields][0][last]\" placeholder=\"Perekonnanimi\" required><label for=\"wpforms-1926-field_0-last\" class=\"wpforms-field-sublabel after wpforms-sublabel-hide\">Last<\/label><\/div><\/div><\/div><div id=\"wpforms-1926-field_3-container\" class=\"wpforms-field wpforms-field-name\" data-field-id=\"3\"><label class=\"wpforms-field-label\" for=\"wpforms-1926-field_3\">Ettev\u00f5tte nimi (valikuline)<\/label><input type=\"text\" id=\"wpforms-1926-field_3\" class=\"wpforms-field-medium\" name=\"wpforms[fields][3]\" ><\/div><div id=\"wpforms-1926-field_1-container\" class=\"wpforms-field wpforms-field-email\" data-field-id=\"1\"><label class=\"wpforms-field-label\" for=\"wpforms-1926-field_1\">E-posti aadress <span class=\"wpforms-required-label\">*<\/span><\/label><input type=\"email\" id=\"wpforms-1926-field_1\" class=\"wpforms-field-medium wpforms-field-required\" name=\"wpforms[fields][1]\" spellcheck=\"false\" required><\/div><div id=\"wpforms-1926-field_2-container\" class=\"wpforms-field wpforms-field-textarea\" data-field-id=\"2\"><label class=\"wpforms-field-label\" for=\"wpforms-1926-field_2\">S\u00f5num <span class=\"wpforms-required-label\">*<\/span><\/label><textarea id=\"wpforms-1926-field_2\" class=\"wpforms-field-medium wpforms-field-required\" name=\"wpforms[fields][2]\" required><\/textarea><\/div><\/div><!-- .wpforms-field-container --><div class=\"wpforms-submit-container\" ><input type=\"hidden\" name=\"wpforms[id]\" value=\"1926\"><input type=\"hidden\" name=\"page_title\" value=\"\"><input type=\"hidden\" name=\"page_url\" value=\"http:\/\/www.ringsem.ee\/amar\/wp-json\/wp\/v2\/pages\/24\"><input type=\"hidden\" name=\"url_referer\" value=\"\"><button type=\"submit\" name=\"wpforms[submit]\" id=\"wpforms-submit-1926\" class=\"wpforms-submit\" data-alt-text=\"Saadan p\u00e4ringut...\" data-submit-text=\"Saada p\u00e4ring\" aria-live=\"assertive\" value=\"wpforms-submit\">Saada p\u00e4ring<\/button><img decoding=\"async\" src=\"http:\/\/www.ringsem.ee\/amar\/wp-content\/plugins\/wpforms-lite\/assets\/images\/submit-spin.svg\" class=\"wpforms-submit-spinner\" style=\"display: none;\" width=\"26\" height=\"26\" alt=\"Loading\"><\/div><\/form><\/div>  <!-- .wpforms-container -->\t\t\t\t<\/div>\n\t\t\t\t<\/div>\n\t\t\t\t\t<\/div>\n\t\t\t\t<\/div>\n\t\t\t\t<\/div>\n\t\t","protected":false},"excerpt":{"rendered":"<p>Kontaktid amar@ringsem.ee Hinnap\u00e4ringud konsultatioon + 372 55 671 601 Info ja konsultatsioon Pikaveski, Pikva k\u00fcla 74409, Anija Vald, Harjumaa Ladu, kaupade v\u00e4ljastamine kokkuleppel Please enable JavaScript in your browser to complete this form.Nimi *FirstLastE-posti aadress *S\u00f5num Saada p\u00e4ring<\/p>\n","protected":false},"author":1,"featured_media":0,"parent":0,"menu_order":0,"comment_status":"closed","ping_status":"closed","template":"","meta":{"_uag_custom_page_level_css":"","site-sidebar-layout":"no-sidebar","site-content-layout":"page-builder","ast-site-content-layout":"full-width-container","site-content-style":"unboxed","site-sidebar-style":"unboxed","ast-global-header-display":"","ast-banner-title-visibility":"","ast-main-header-display":"","ast-hfb-above-header-display":"","ast-hfb-below-header-display":"","ast-hfb-mobile-header-display":"","site-post-title":"disabled","ast-breadcrumbs-content":"disabled","ast-featured-img":"disabled","footer-sml-layout":"","theme-transparent-header-meta":"enabled","adv-header-id-meta":"","stick-header-meta":"","header-above-stick-meta":"","header-main-stick-meta":"","header-below-stick-meta":"","astra-migrate-meta-layouts":"set","ast-page-background-enabled":"default","ast-page-background-meta":{"desktop":{"background-color":"","background-image":"","background-repeat":"repeat","background-position":"center center","background-size":"auto","background-attachment":"scroll","background-type":"","background-media":"","overlay-type":"","overlay-color":"","overlay-opacity":"","overlay-gradient":""},"tablet":{"background-color":"","background-image":"","background-repeat":"repeat","background-position":"center center","background-size":"auto","background-attachment":"scroll","background-type":"","background-media":"","overlay-type":"","overlay-color":"","overlay-opacity":"","overlay-gradient":""},"mobile":{"background-color":"","background-image":"","background-repeat":"repeat","background-position":"center center","background-size":"auto","background-attachment":"scroll","background-type":"","background-media":"","overlay-type":"","overlay-color":"","overlay-opacity":"","overlay-gradient":""}},"ast-content-background-meta":{"desktop":{"background-color":"var(--ast-global-color-5)","background-image":"","background-repeat":"repeat","background-position":"center center","background-size":"auto","background-attachment":"scroll","background-type":"","background-media":"","overlay-type":"","overlay-color":"","overlay-opacity":"","overlay-gradient":""},"tablet":{"background-color":"var(--ast-global-color-5)","background-image":"","background-repeat":"repeat","background-position":"center center","background-size":"auto","background-attachment":"scroll","background-type":"","background-media":"","overlay-type":"","overlay-color":"","overlay-opacity":"","overlay-gradient":""},"mobile":{"background-color":"var(--ast-global-color-5)","background-image":"","background-repeat":"repeat","background-position":"center center","background-size":"auto","background-attachment":"scroll","background-type":"","background-media":"","overlay-type":"","overlay-color":"","overlay-opacity":"","overlay-gradient":""}},"footnotes":""},"class_list":["post-24","page","type-page","status-publish","hentry"],"yoast_head":"<!-- This site is optimized with the Yoast SEO plugin v27.5 - https:\/\/yoast.com\/product\/yoast-seo-wordpress\/ -->\n<title>Kontakt - Ringsem pinnakaitsematid<\/title>\n<meta name=\"robots\" content=\"index, follow, max-snippet:-1, max-image-preview:large, max-video-preview:-1\" \/>\n<link rel=\"canonical\" href=\"https:\/\/www.ringsem.ee\/amar\/kontakt\/\" \/>\n<meta property=\"og:locale\" content=\"et_EE\" \/>\n<meta property=\"og:type\" content=\"article\" \/>\n<meta property=\"og:title\" content=\"Kontakt - Ringsem pinnakaitsematid\" \/>\n<meta property=\"og:description\" content=\"Kontaktid amar@ringsem.ee Hinnap\u00e4ringud konsultatioon + 372 55 671 601 Info ja konsultatsioon Pikaveski, Pikva k\u00fcla 74409, Anija Vald, Harjumaa Ladu, kaupade v\u00e4ljastamine kokkuleppel Please enable JavaScript in your browser to complete this form.Nimi *FirstLastE-posti aadress *S\u00f5num Saada p\u00e4ring\" \/>\n<meta property=\"og:url\" content=\"https:\/\/www.ringsem.ee\/amar\/kontakt\/\" \/>\n<meta property=\"og:site_name\" content=\"Ringsem pinnakaitsematid\" \/>\n<meta property=\"article:publisher\" content=\"https:\/\/www.facebook.com\/profile.php?id=61565360201288\" \/>\n<meta property=\"article:modified_time\" content=\"2024-07-09T07:11:02+00:00\" \/>\n<meta property=\"og:image\" content=\"http:\/\/ringsem.ee\/amar\/wp-content\/plugins\/wpforms-lite\/assets\/images\/submit-spin.svg\" \/>\n<meta name=\"twitter:card\" content=\"summary_large_image\" \/>\n<meta name=\"twitter:label1\" content=\"Est. reading time\" \/>\n\t<meta name=\"twitter:data1\" content=\"1 minut\" \/>\n<script type=\"application\/ld+json\" class=\"yoast-schema-graph\">{\"@context\":\"https:\\\/\\\/schema.org\",\"@graph\":[{\"@type\":\"WebPage\",\"@id\":\"https:\\\/\\\/www.ringsem.ee\\\/amar\\\/kontakt\\\/\",\"url\":\"https:\\\/\\\/www.ringsem.ee\\\/amar\\\/kontakt\\\/\",\"name\":\"Kontakt - Ringsem pinnakaitsematid\",\"isPartOf\":{\"@id\":\"https:\\\/\\\/ringsem.ee\\\/amar\\\/#website\"},\"primaryImageOfPage\":{\"@id\":\"https:\\\/\\\/www.ringsem.ee\\\/amar\\\/kontakt\\\/#primaryimage\"},\"image\":{\"@id\":\"https:\\\/\\\/www.ringsem.ee\\\/amar\\\/kontakt\\\/#primaryimage\"},\"thumbnailUrl\":\"http:\\\/\\\/ringsem.ee\\\/amar\\\/wp-content\\\/plugins\\\/wpforms-lite\\\/assets\\\/images\\\/submit-spin.svg\",\"datePublished\":\"2024-06-05T00:21:57+00:00\",\"dateModified\":\"2024-07-09T07:11:02+00:00\",\"breadcrumb\":{\"@id\":\"https:\\\/\\\/www.ringsem.ee\\\/amar\\\/kontakt\\\/#breadcrumb\"},\"inLanguage\":\"et\",\"potentialAction\":[{\"@type\":\"ReadAction\",\"target\":[\"https:\\\/\\\/www.ringsem.ee\\\/amar\\\/kontakt\\\/\"]}]},{\"@type\":\"ImageObject\",\"inLanguage\":\"et\",\"@id\":\"https:\\\/\\\/www.ringsem.ee\\\/amar\\\/kontakt\\\/#primaryimage\",\"url\":\"http:\\\/\\\/ringsem.ee\\\/amar\\\/wp-content\\\/plugins\\\/wpforms-lite\\\/assets\\\/images\\\/submit-spin.svg\",\"contentUrl\":\"http:\\\/\\\/ringsem.ee\\\/amar\\\/wp-content\\\/plugins\\\/wpforms-lite\\\/assets\\\/images\\\/submit-spin.svg\"},{\"@type\":\"BreadcrumbList\",\"@id\":\"https:\\\/\\\/www.ringsem.ee\\\/amar\\\/kontakt\\\/#breadcrumb\",\"itemListElement\":[{\"@type\":\"ListItem\",\"position\":1,\"name\":\"Home\",\"item\":\"https:\\\/\\\/ringsem.ee\\\/amar\\\/\"},{\"@type\":\"ListItem\",\"position\":2,\"name\":\"Kontakt\"}]},{\"@type\":\"WebSite\",\"@id\":\"https:\\\/\\\/ringsem.ee\\\/amar\\\/#website\",\"url\":\"https:\\\/\\\/ringsem.ee\\\/amar\\\/\",\"name\":\"Ringsem Amar\",\"description\":\"Pinnakaitsemattidega kaitsed aluspinnast olgu selleks muru, sillutis v\u00f5i siseruumide p\u00f5rand.  Ringsem tootevalikus on Danrec-i kvaliteetsed ja pikaealised pinnakaitsematid.\",\"publisher\":{\"@id\":\"https:\\\/\\\/ringsem.ee\\\/amar\\\/#organization\"},\"alternateName\":\"Pinnakaitsematid\",\"potentialAction\":[{\"@type\":\"SearchAction\",\"target\":{\"@type\":\"EntryPoint\",\"urlTemplate\":\"https:\\\/\\\/ringsem.ee\\\/amar\\\/?s={search_term_string}\"},\"query-input\":{\"@type\":\"PropertyValueSpecification\",\"valueRequired\":true,\"valueName\":\"search_term_string\"}}],\"inLanguage\":\"et\"},{\"@type\":\"Organization\",\"@id\":\"https:\\\/\\\/ringsem.ee\\\/amar\\\/#organization\",\"name\":\"Amar pinnakaitsematid\",\"alternateName\":\"Ringsem.ee\",\"url\":\"https:\\\/\\\/ringsem.ee\\\/amar\\\/\",\"logo\":{\"@type\":\"ImageObject\",\"inLanguage\":\"et\",\"@id\":\"https:\\\/\\\/ringsem.ee\\\/amar\\\/#\\\/schema\\\/logo\\\/image\\\/\",\"url\":\"http:\\\/\\\/www.ringsem.ee\\\/amar\\\/wp-content\\\/uploads\\\/2025\\\/04\\\/cropped-Ringsem-logo-labipaistev-taust.png\",\"contentUrl\":\"http:\\\/\\\/www.ringsem.ee\\\/amar\\\/wp-content\\\/uploads\\\/2025\\\/04\\\/cropped-Ringsem-logo-labipaistev-taust.png\",\"width\":1234,\"height\":412,\"caption\":\"Amar pinnakaitsematid\"},\"image\":{\"@id\":\"https:\\\/\\\/ringsem.ee\\\/amar\\\/#\\\/schema\\\/logo\\\/image\\\/\"},\"sameAs\":[\"https:\\\/\\\/www.facebook.com\\\/profile.php?id=61565360201288\"]}]}<\/script>\n<!-- \/ Yoast SEO plugin. -->","yoast_head_json":{"title":"Kontakt - Ringsem pinnakaitsematid","robots":{"index":"index","follow":"follow","max-snippet":"max-snippet:-1","max-image-preview":"max-image-preview:large","max-video-preview":"max-video-preview:-1"},"canonical":"https:\/\/www.ringsem.ee\/amar\/kontakt\/","og_locale":"et_EE","og_type":"article","og_title":"Kontakt - Ringsem pinnakaitsematid","og_description":"Kontaktid amar@ringsem.ee Hinnap\u00e4ringud konsultatioon + 372 55 671 601 Info ja konsultatsioon Pikaveski, Pikva k\u00fcla 74409, Anija Vald, Harjumaa Ladu, kaupade v\u00e4ljastamine kokkuleppel Please enable JavaScript in your browser to complete this form.Nimi *FirstLastE-posti aadress *S\u00f5num Saada p\u00e4ring","og_url":"https:\/\/www.ringsem.ee\/amar\/kontakt\/","og_site_name":"Ringsem pinnakaitsematid","article_publisher":"https:\/\/www.facebook.com\/profile.php?id=61565360201288","article_modified_time":"2024-07-09T07:11:02+00:00","og_image":[{"url":"http:\/\/ringsem.ee\/amar\/wp-content\/plugins\/wpforms-lite\/assets\/images\/submit-spin.svg","type":"","width":"","height":""}],"twitter_card":"summary_large_image","twitter_misc":{"Est. reading time":"1 minut"},"schema":{"@context":"https:\/\/schema.org","@graph":[{"@type":"WebPage","@id":"https:\/\/www.ringsem.ee\/amar\/kontakt\/","url":"https:\/\/www.ringsem.ee\/amar\/kontakt\/","name":"Kontakt - Ringsem pinnakaitsematid","isPartOf":{"@id":"https:\/\/ringsem.ee\/amar\/#website"},"primaryImageOfPage":{"@id":"https:\/\/www.ringsem.ee\/amar\/kontakt\/#primaryimage"},"image":{"@id":"https:\/\/www.ringsem.ee\/amar\/kontakt\/#primaryimage"},"thumbnailUrl":"http:\/\/ringsem.ee\/amar\/wp-content\/plugins\/wpforms-lite\/assets\/images\/submit-spin.svg","datePublished":"2024-06-05T00:21:57+00:00","dateModified":"2024-07-09T07:11:02+00:00","breadcrumb":{"@id":"https:\/\/www.ringsem.ee\/amar\/kontakt\/#breadcrumb"},"inLanguage":"et","potentialAction":[{"@type":"ReadAction","target":["https:\/\/www.ringsem.ee\/amar\/kontakt\/"]}]},{"@type":"ImageObject","inLanguage":"et","@id":"https:\/\/www.ringsem.ee\/amar\/kontakt\/#primaryimage","url":"http:\/\/ringsem.ee\/amar\/wp-content\/plugins\/wpforms-lite\/assets\/images\/submit-spin.svg","contentUrl":"http:\/\/ringsem.ee\/amar\/wp-content\/plugins\/wpforms-lite\/assets\/images\/submit-spin.svg"},{"@type":"BreadcrumbList","@id":"https:\/\/www.ringsem.ee\/amar\/kontakt\/#breadcrumb","itemListElement":[{"@type":"ListItem","position":1,"name":"Home","item":"https:\/\/ringsem.ee\/amar\/"},{"@type":"ListItem","position":2,"name":"Kontakt"}]},{"@type":"WebSite","@id":"https:\/\/ringsem.ee\/amar\/#website","url":"https:\/\/ringsem.ee\/amar\/","name":"Ringsem Amar","description":"Pinnakaitsemattidega kaitsed aluspinnast olgu selleks muru, sillutis v\u00f5i siseruumide p\u00f5rand.  Ringsem tootevalikus on Danrec-i kvaliteetsed ja pikaealised pinnakaitsematid.","publisher":{"@id":"https:\/\/ringsem.ee\/amar\/#organization"},"alternateName":"Pinnakaitsematid","potentialAction":[{"@type":"SearchAction","target":{"@type":"EntryPoint","urlTemplate":"https:\/\/ringsem.ee\/amar\/?s={search_term_string}"},"query-input":{"@type":"PropertyValueSpecification","valueRequired":true,"valueName":"search_term_string"}}],"inLanguage":"et"},{"@type":"Organization","@id":"https:\/\/ringsem.ee\/amar\/#organization","name":"Amar pinnakaitsematid","alternateName":"Ringsem.ee","url":"https:\/\/ringsem.ee\/amar\/","logo":{"@type":"ImageObject","inLanguage":"et","@id":"https:\/\/ringsem.ee\/amar\/#\/schema\/logo\/image\/","url":"http:\/\/www.ringsem.ee\/amar\/wp-content\/uploads\/2025\/04\/cropped-Ringsem-logo-labipaistev-taust.png","contentUrl":"http:\/\/www.ringsem.ee\/amar\/wp-content\/uploads\/2025\/04\/cropped-Ringsem-logo-labipaistev-taust.png","width":1234,"height":412,"caption":"Amar pinnakaitsematid"},"image":{"@id":"https:\/\/ringsem.ee\/amar\/#\/schema\/logo\/image\/"},"sameAs":["https:\/\/www.facebook.com\/profile.php?id=61565360201288"]}]}},"uagb_featured_image_src":{"full":false,"thumbnail":false,"medium":false,"medium_large":false,"large":false,"1536x1536":false,"2048x2048":false,"woocommerce_thumbnail":false,"woocommerce_single":false,"woocommerce_gallery_thumbnail":false},"uagb_author_info":{"display_name":"vilsaark","author_link":"http:\/\/www.ringsem.ee\/amar\/author\/vilsaark\/"},"uagb_comment_info":0,"uagb_excerpt":"Kontaktid amar@ringsem.ee Hinnap\u00e4ringud konsultatioon + 372 55 671 601 Info ja konsultatsioon Pikaveski, Pikva k\u00fcla 74409, Anija Vald, Harjumaa Ladu, kaupade v\u00e4ljastamine kokkuleppel Please enable JavaScript in your browser to complete this form.Nimi *FirstLastE-posti aadress *S\u00f5num Saada p\u00e4ring","jetpack_sharing_enabled":true,"_links":{"self":[{"href":"http:\/\/www.ringsem.ee\/amar\/wp-json\/wp\/v2\/pages\/24","targetHints":{"allow":["GET"]}}],"collection":[{"href":"http:\/\/www.ringsem.ee\/amar\/wp-json\/wp\/v2\/pages"}],"about":[{"href":"http:\/\/www.ringsem.ee\/amar\/wp-json\/wp\/v2\/types\/page"}],"author":[{"embeddable":true,"href":"http:\/\/www.ringsem.ee\/amar\/wp-json\/wp\/v2\/users\/1"}],"replies":[{"embeddable":true,"href":"http:\/\/www.ringsem.ee\/amar\/wp-json\/wp\/v2\/comments?post=24"}],"version-history":[{"count":5,"href":"http:\/\/www.ringsem.ee\/amar\/wp-json\/wp\/v2\/pages\/24\/revisions"}],"predecessor-version":[{"id":1933,"href":"http:\/\/www.ringsem.ee\/amar\/wp-json\/wp\/v2\/pages\/24\/revisions\/1933"}],"wp:attachment":[{"href":"http:\/\/www.ringsem.ee\/amar\/wp-json\/wp\/v2\/media?parent=24"}],"curies":[{"name":"wp","href":"https:\/\/api.w.org\/{rel}","templated":true}]}}