{"id":2808,"date":"2025-05-02T05:54:39","date_gmt":"2025-05-02T03:54:39","guid":{"rendered":"https:\/\/www.ringsem.ee\/amar\/?page_id=2808"},"modified":"2025-05-02T09:31:49","modified_gmt":"2025-05-02T07:31:49","slug":"valikud","status":"publish","type":"page","link":"http:\/\/www.ringsem.ee\/amar\/valikud\/","title":{"rendered":"M\u00f5\u00f5dud_avad_logo"},"content":{"rendered":"\t\t<div data-elementor-type=\"wp-page\" data-elementor-id=\"2808\" class=\"elementor elementor-2808\">\n\t\t\t\t<div class=\"elementor-element elementor-element-27d7ab8 e-flex e-con-boxed e-con e-parent\" data-id=\"27d7ab8\" data-element_type=\"container\" data-e-type=\"container\">\n\t\t\t\t\t<div class=\"e-con-inner\">\n\t\t\t\t<div class=\"elementor-element elementor-element-9cd1626 elementor-widget elementor-widget-heading\" data-id=\"9cd1626\" data-element_type=\"widget\" data-e-type=\"widget\" data-widget_type=\"heading.default\">\n\t\t\t\t<div class=\"elementor-widget-container\">\n\t\t\t\t\t<h2 class=\"elementor-heading-title elementor-size-default\">Personaliseerimine: m\u00f5\u00f5dud, avad ja logo lisamine <\/h2>\t\t\t\t<\/div>\n\t\t\t\t<\/div>\n\t\t\t\t<div class=\"elementor-element elementor-element-06be590 elementor-widget elementor-widget-spacer\" data-id=\"06be590\" data-element_type=\"widget\" data-e-type=\"widget\" data-widget_type=\"spacer.default\">\n\t\t\t\t<div class=\"elementor-widget-container\">\n\t\t\t\t\t\t\t<div class=\"elementor-spacer\">\n\t\t\t<div class=\"elementor-spacer-inner\"><\/div>\n\t\t<\/div>\n\t\t\t\t\t\t<\/div>\n\t\t\t\t<\/div>\n\t\t\t\t<div class=\"elementor-element elementor-element-114951c elementor-widget elementor-widget-heading\" data-id=\"114951c\" data-element_type=\"widget\" data-e-type=\"widget\" data-widget_type=\"heading.default\">\n\t\t\t\t<div class=\"elementor-widget-container\">\n\t\t\t\t\t<h3 class=\"elementor-heading-title elementor-size-default\">M\u00f5\u00f5dud<\/h3>\t\t\t\t<\/div>\n\t\t\t\t<\/div>\n\t\t\t\t<div class=\"elementor-element elementor-element-41e2127 elementor-widget elementor-widget-text-editor\" data-id=\"41e2127\" data-element_type=\"widget\" data-e-type=\"widget\" data-widget_type=\"text-editor.default\">\n\t\t\t\t<div class=\"elementor-widget-container\">\n\t\t\t\t\t\t\t\t\t<p>Matte on v\u00f5imalik tellida ka erim\u00f5\u00f5dus ja endale sobiva avade kombinatsiooniga kuid miinimum tellimus sellel juhul on 1 alus. Suuruse saate ise m\u00e4\u00e4rata maksimaalsed m\u00f5\u00f5dud on laius\u00a0 kuni 1,5 m\u00a0 ja\u00a0 pikkus 3,5m.\u00a0<\/p>\t\t\t\t\t\t\t\t<\/div>\n\t\t\t\t<\/div>\n\t\t\t\t<div class=\"elementor-element elementor-element-54188f6 elementor-widget elementor-widget-heading\" data-id=\"54188f6\" data-element_type=\"widget\" data-e-type=\"widget\" data-widget_type=\"heading.default\">\n\t\t\t\t<div class=\"elementor-widget-container\">\n\t\t\t\t\t<h3 class=\"elementor-heading-title elementor-size-default\">Avade v\u00f5imalikud asukohad<\/h3>\t\t\t\t<\/div>\n\t\t\t\t<\/div>\n\t\t\t\t<div class=\"elementor-element elementor-element-f443e2d elementor-widget elementor-widget-image\" data-id=\"f443e2d\" data-element_type=\"widget\" data-e-type=\"widget\" data-widget_type=\"image.default\">\n\t\t\t\t<div class=\"elementor-widget-container\">\n\t\t\t\t\t\t\t\t\t\t\t\t\t\t\t<img fetchpriority=\"high\" decoding=\"async\" width=\"768\" height=\"382\" src=\"http:\/\/www.ringsem.ee\/amar\/wp-content\/uploads\/2025\/05\/Akaepidemete-ja-avade-asukohad-768x382.jpg\" class=\"attachment-medium_large size-medium_large wp-image-2810\" alt=\"\" srcset=\"http:\/\/www.ringsem.ee\/amar\/wp-content\/uploads\/2025\/05\/Akaepidemete-ja-avade-asukohad-768x382.jpg 768w, http:\/\/www.ringsem.ee\/amar\/wp-content\/uploads\/2025\/05\/Akaepidemete-ja-avade-asukohad-300x149.jpg 300w, http:\/\/www.ringsem.ee\/amar\/wp-content\/uploads\/2025\/05\/Akaepidemete-ja-avade-asukohad-600x298.jpg 600w, http:\/\/www.ringsem.ee\/amar\/wp-content\/uploads\/2025\/05\/Akaepidemete-ja-avade-asukohad.jpg 967w\" sizes=\"(max-width: 768px) 100vw, 768px\" \/>\t\t\t\t\t\t\t\t\t\t\t\t\t\t\t<\/div>\n\t\t\t\t<\/div>\n\t\t\t\t<div class=\"elementor-element elementor-element-11652ae elementor-widget elementor-widget-text-editor\" data-id=\"11652ae\" data-element_type=\"widget\" data-e-type=\"widget\" data-widget_type=\"text-editor.default\">\n\t\t\t\t<div class=\"elementor-widget-container\">\n\t\t\t\t\t\t\t\t\t<p>Avade kombinatsioonide t\u00e4histamise koodid on toodud siin<\/p>\t\t\t\t\t\t\t\t<\/div>\n\t\t\t\t<\/div>\n\t\t\t\t<div class=\"elementor-element elementor-element-f35ac00 elementor-widget elementor-widget-image\" data-id=\"f35ac00\" data-element_type=\"widget\" data-e-type=\"widget\" data-widget_type=\"image.default\">\n\t\t\t\t<div class=\"elementor-widget-container\">\n\t\t\t\t\t\t\t\t\t\t\t\t\t\t\t<img decoding=\"async\" width=\"1024\" height=\"517\" src=\"http:\/\/www.ringsem.ee\/amar\/wp-content\/uploads\/2025\/05\/AVade-ja-kaepidemete-koodid-1024x517.png\" class=\"attachment-large size-large wp-image-2811\" alt=\"\" srcset=\"http:\/\/www.ringsem.ee\/amar\/wp-content\/uploads\/2025\/05\/AVade-ja-kaepidemete-koodid-1024x517.png 1024w, http:\/\/www.ringsem.ee\/amar\/wp-content\/uploads\/2025\/05\/AVade-ja-kaepidemete-koodid-300x151.png 300w, http:\/\/www.ringsem.ee\/amar\/wp-content\/uploads\/2025\/05\/AVade-ja-kaepidemete-koodid-768x388.png 768w, http:\/\/www.ringsem.ee\/amar\/wp-content\/uploads\/2025\/05\/AVade-ja-kaepidemete-koodid-1536x775.png 1536w, http:\/\/www.ringsem.ee\/amar\/wp-content\/uploads\/2025\/05\/AVade-ja-kaepidemete-koodid-600x303.png 600w, http:\/\/www.ringsem.ee\/amar\/wp-content\/uploads\/2025\/05\/AVade-ja-kaepidemete-koodid.png 1603w\" sizes=\"(max-width: 1024px) 100vw, 1024px\" \/>\t\t\t\t\t\t\t\t\t\t\t\t\t\t\t<\/div>\n\t\t\t\t<\/div>\n\t\t\t\t<div class=\"elementor-element elementor-element-241bf37 elementor-widget elementor-widget-heading\" data-id=\"241bf37\" data-element_type=\"widget\" data-e-type=\"widget\" data-widget_type=\"heading.default\">\n\t\t\t\t<div class=\"elementor-widget-container\">\n\t\t\t\t\t<h2 class=\"elementor-heading-title elementor-size-default\">Logo lisamine<\/h2>\t\t\t\t<\/div>\n\t\t\t\t<\/div>\n\t\t\t\t\t<\/div>\n\t\t\t\t<\/div>\n\t\t<div class=\"elementor-element elementor-element-c13d5b3 e-flex e-con-boxed e-con e-parent\" data-id=\"c13d5b3\" data-element_type=\"container\" data-e-type=\"container\">\n\t\t\t\t\t<div class=\"e-con-inner\">\n\t\t<div class=\"elementor-element elementor-element-e889562 e-con-full e-flex e-con e-child\" data-id=\"e889562\" data-element_type=\"container\" data-e-type=\"container\">\n\t\t\t\t<div class=\"elementor-element elementor-element-ef0a02e elementor-widget elementor-widget-image\" data-id=\"ef0a02e\" data-element_type=\"widget\" data-e-type=\"widget\" data-widget_type=\"image.default\">\n\t\t\t\t<div class=\"elementor-widget-container\">\n\t\t\t\t\t\t\t\t\t\t\t\t\t\t\t<img decoding=\"async\" width=\"768\" height=\"1088\" src=\"http:\/\/www.ringsem.ee\/amar\/wp-content\/uploads\/2025\/05\/Copy-of-AMAR-plaksne-BEZ-fona-768x1088.png\" class=\"attachment-medium_large size-medium_large wp-image-2812\" alt=\"\" srcset=\"http:\/\/www.ringsem.ee\/amar\/wp-content\/uploads\/2025\/05\/Copy-of-AMAR-plaksne-BEZ-fona-768x1088.png 768w, http:\/\/www.ringsem.ee\/amar\/wp-content\/uploads\/2025\/05\/Copy-of-AMAR-plaksne-BEZ-fona-212x300.png 212w, http:\/\/www.ringsem.ee\/amar\/wp-content\/uploads\/2025\/05\/Copy-of-AMAR-plaksne-BEZ-fona-723x1024.png 723w, http:\/\/www.ringsem.ee\/amar\/wp-content\/uploads\/2025\/05\/Copy-of-AMAR-plaksne-BEZ-fona-1084x1536.png 1084w, http:\/\/www.ringsem.ee\/amar\/wp-content\/uploads\/2025\/05\/Copy-of-AMAR-plaksne-BEZ-fona-600x850.png 600w, http:\/\/www.ringsem.ee\/amar\/wp-content\/uploads\/2025\/05\/Copy-of-AMAR-plaksne-BEZ-fona.png 1412w\" sizes=\"(max-width: 768px) 100vw, 768px\" \/>\t\t\t\t\t\t\t\t\t\t\t\t\t\t\t<\/div>\n\t\t\t\t<\/div>\n\t\t\t\t<\/div>\n\t\t<div class=\"elementor-element elementor-element-da6e47e e-con-full e-flex e-con e-child\" data-id=\"da6e47e\" data-element_type=\"container\" data-e-type=\"container\">\n\t\t\t\t<div class=\"elementor-element elementor-element-65970e1 elementor-widget elementor-widget-text-editor\" data-id=\"65970e1\" data-element_type=\"widget\" data-e-type=\"widget\" data-widget_type=\"text-editor.default\">\n\t\t\t\t<div class=\"elementor-widget-container\">\n\t\t\t\t\t\t\t\t\t<p>Logo lisatakse mattidele lasergraveerimisega nn vesim\u00e4rgina. Logo asukoht mati keskel ning logo kordub.&nbsp;<\/p>\n<p>Logo tuleb saata MUSTVALGE&nbsp;<span style=\"font-style: inherit; font-weight: inherit;\">failina k\u00f5ige parem on&nbsp; vektorfailina, neid in k\u00f5ige lihtsam teisendada sobivaks faili t\u00fc\u00fcbiks. L<\/span>ogo v\u00f5imalik suurus s\u00f5ltub logo keerukusest, mida lihtsamlogo seda suuremalt saab selle lisada.&nbsp;&nbsp;<\/p>\n<p>Logo lisamise hind 2\u20ac mati kohta.&nbsp;<\/p>\t\t\t\t\t\t\t\t<\/div>\n\t\t\t\t<\/div>\n\t\t\t\t<\/div>\n\t\t\t\t\t<\/div>\n\t\t\t\t<\/div>\n\t\t<div class=\"elementor-element elementor-element-ecbead3 e-flex e-con-boxed e-con e-parent\" data-id=\"ecbead3\" data-element_type=\"container\" data-e-type=\"container\">\n\t\t\t\t\t<div class=\"e-con-inner\">\n\t\t\t\t<div class=\"elementor-element elementor-element-18c743f elementor-widget elementor-widget-heading\" data-id=\"18c743f\" data-element_type=\"widget\" data-e-type=\"widget\" data-widget_type=\"heading.default\">\n\t\t\t\t<div class=\"elementor-widget-container\">\n\t\t\t\t\t<h3 class=\"elementor-heading-title elementor-size-default\">Plaate alusel, tabel<\/h3>\t\t\t\t<\/div>\n\t\t\t\t<\/div>\n\t\t<div class=\"elementor-element elementor-element-3add1b8 e-flex e-con-boxed e-con e-child\" data-id=\"3add1b8\" data-element_type=\"container\" data-e-type=\"container\">\n\t\t\t\t\t<div class=\"e-con-inner\">\n\t\t\t\t<div class=\"elementor-element elementor-element-de9fd4f elementor-widget elementor-widget-image\" data-id=\"de9fd4f\" data-element_type=\"widget\" data-e-type=\"widget\" data-widget_type=\"image.default\">\n\t\t\t\t<div class=\"elementor-widget-container\">\n\t\t\t\t\t\t\t\t\t\t\t\t\t\t\t<img loading=\"lazy\" decoding=\"async\" width=\"1024\" height=\"606\" src=\"http:\/\/www.ringsem.ee\/amar\/wp-content\/uploads\/2025\/05\/Plaatide-kaalud-ja-kogused-alusel-1024x606.jpg\" class=\"attachment-large size-large wp-image-2821\" alt=\"\" srcset=\"http:\/\/www.ringsem.ee\/amar\/wp-content\/uploads\/2025\/05\/Plaatide-kaalud-ja-kogused-alusel-1024x606.jpg 1024w, http:\/\/www.ringsem.ee\/amar\/wp-content\/uploads\/2025\/05\/Plaatide-kaalud-ja-kogused-alusel-300x178.jpg 300w, http:\/\/www.ringsem.ee\/amar\/wp-content\/uploads\/2025\/05\/Plaatide-kaalud-ja-kogused-alusel-768x455.jpg 768w, http:\/\/www.ringsem.ee\/amar\/wp-content\/uploads\/2025\/05\/Plaatide-kaalud-ja-kogused-alusel-600x355.jpg 600w, http:\/\/www.ringsem.ee\/amar\/wp-content\/uploads\/2025\/05\/Plaatide-kaalud-ja-kogused-alusel.jpg 1353w\" sizes=\"(max-width: 1024px) 100vw, 1024px\" \/>\t\t\t\t\t\t\t\t\t\t\t\t\t\t\t<\/div>\n\t\t\t\t<\/div>\n\t\t\t\t<div class=\"elementor-element elementor-element-0c44b4a elementor-widget elementor-widget-spacer\" data-id=\"0c44b4a\" data-element_type=\"widget\" data-e-type=\"widget\" data-widget_type=\"spacer.default\">\n\t\t\t\t<div class=\"elementor-widget-container\">\n\t\t\t\t\t\t\t<div class=\"elementor-spacer\">\n\t\t\t<div class=\"elementor-spacer-inner\"><\/div>\n\t\t<\/div>\n\t\t\t\t\t\t<\/div>\n\t\t\t\t<\/div>\n\t\t\t\t\t<\/div>\n\t\t\t\t<\/div>\n\t\t\t\t\t<\/div>\n\t\t\t\t<\/div>\n\t\t<div class=\"elementor-element elementor-element-1047f1a e-con-full e-flex e-con e-parent\" data-id=\"1047f1a\" data-element_type=\"container\" data-e-type=\"container\">\n\t\t\t\t<div class=\"elementor-element elementor-element-36cfa80 elementor-widget elementor-widget-spacer\" data-id=\"36cfa80\" data-element_type=\"widget\" data-e-type=\"widget\" data-widget_type=\"spacer.default\">\n\t\t\t\t<div class=\"elementor-widget-container\">\n\t\t\t\t\t\t\t<div class=\"elementor-spacer\">\n\t\t\t<div class=\"elementor-spacer-inner\"><\/div>\n\t\t<\/div>\n\t\t\t\t\t\t<\/div>\n\t\t\t\t<\/div>\n\t\t<div class=\"elementor-element elementor-element-7e97bac e-con-full e-flex e-con e-child\" data-id=\"7e97bac\" data-element_type=\"container\" data-e-type=\"container\">\n\t\t\t\t<div class=\"elementor-element elementor-element-99db4ee elementor-widget elementor-widget-button\" data-id=\"99db4ee\" data-element_type=\"widget\" data-e-type=\"widget\" data-widget_type=\"button.default\">\n\t\t\t\t<div class=\"elementor-widget-container\">\n\t\t\t\t\t\t\t\t\t<div class=\"elementor-button-wrapper\">\n\t\t\t\t\t<a class=\"elementor-button elementor-button-link elementor-size-sm\" href=\"#\">\n\t\t\t\t\t\t<span class=\"elementor-button-content-wrapper\">\n\t\t\t\t\t\t\t\t\t<span class=\"elementor-button-text\">Tagasi <\/span>\n\t\t\t\t\t<\/span>\n\t\t\t\t\t<\/a>\n\t\t\t\t<\/div>\n\t\t\t\t\t\t\t\t<\/div>\n\t\t\t\t<\/div>\n\t\t\t\t<\/div>\n\t\t\t\t<\/div>\n\t\t\t\t<\/div>\n\t\t","protected":false},"excerpt":{"rendered":"<p>Personaliseerimine: m\u00f5\u00f5dud, avad ja logo lisamine M\u00f5\u00f5dud Matte on v\u00f5imalik tellida ka erim\u00f5\u00f5dus ja endale sobiva avade kombinatsiooniga kuid miinimum tellimus sellel juhul on 1 alus. Suuruse saate ise m\u00e4\u00e4rata maksimaalsed m\u00f5\u00f5dud on laius\u00a0 kuni 1,5 m\u00a0 ja\u00a0 pikkus 3,5m. Avade v\u00f5imalikud asukohad Avade kombinatsioonide t\u00e4histamise koodid on toodud siin Logo lisamine Logo lisatakse mattidele [&hellip;]<\/p>\n","protected":false},"author":1,"featured_media":0,"parent":0,"menu_order":0,"comment_status":"closed","ping_status":"closed","template":"","meta":{"_uag_custom_page_level_css":"","site-sidebar-layout":"no-sidebar","site-content-layout":"page-builder","ast-site-content-layout":"full-width-container","site-content-style":"unboxed","site-sidebar-style":"unboxed","ast-global-header-display":"","ast-banner-title-visibility":"","ast-main-header-display":"","ast-hfb-above-header-display":"","ast-hfb-below-header-display":"","ast-hfb-mobile-header-display":"","site-post-title":"disabled","ast-breadcrumbs-content":"","ast-featured-img":"disabled","footer-sml-layout":"","theme-transparent-header-meta":"default","adv-header-id-meta":"","stick-header-meta":"","header-above-stick-meta":"","header-main-stick-meta":"","header-below-stick-meta":"","astra-migrate-meta-layouts":"set","ast-page-background-enabled":"default","ast-page-background-meta":{"desktop":{"background-color":"","background-image":"","background-repeat":"repeat","background-position":"center center","background-size":"auto","background-attachment":"scroll","background-type":"","background-media":"","overlay-type":"","overlay-color":"","overlay-opacity":"","overlay-gradient":""},"tablet":{"background-color":"","background-image":"","background-repeat":"repeat","background-position":"center center","background-size":"auto","background-attachment":"scroll","background-type":"","background-media":"","overlay-type":"","overlay-color":"","overlay-opacity":"","overlay-gradient":""},"mobile":{"background-color":"","background-image":"","background-repeat":"repeat","background-position":"center center","background-size":"auto","background-attachment":"scroll","background-type":"","background-media":"","overlay-type":"","overlay-color":"","overlay-opacity":"","overlay-gradient":""}},"ast-content-background-meta":{"desktop":{"background-color":"var(--ast-global-color-5)","background-image":"","background-repeat":"repeat","background-position":"center center","background-size":"auto","background-attachment":"scroll","background-type":"","background-media":"","overlay-type":"","overlay-color":"","overlay-opacity":"","overlay-gradient":""},"tablet":{"background-color":"var(--ast-global-color-5)","background-image":"","background-repeat":"repeat","background-position":"center center","background-size":"auto","background-attachment":"scroll","background-type":"","background-media":"","overlay-type":"","overlay-color":"","overlay-opacity":"","overlay-gradient":""},"mobile":{"background-color":"var(--ast-global-color-5)","background-image":"","background-repeat":"repeat","background-position":"center center","background-size":"auto","background-attachment":"scroll","background-type":"","background-media":"","overlay-type":"","overlay-color":"","overlay-opacity":"","overlay-gradient":""}},"footnotes":""},"class_list":["post-2808","page","type-page","status-publish","hentry"],"yoast_head":"<!-- This site is optimized with the Yoast SEO plugin v27.5 - https:\/\/yoast.com\/product\/yoast-seo-wordpress\/ -->\n<title>M\u00f5\u00f5dud_avad_logo - Ringsem pinnakaitsematid<\/title>\n<meta name=\"robots\" content=\"index, follow, max-snippet:-1, max-image-preview:large, max-video-preview:-1\" \/>\n<link rel=\"canonical\" href=\"https:\/\/www.ringsem.ee\/amar\/valikud\/\" \/>\n<meta property=\"og:locale\" content=\"et_EE\" \/>\n<meta property=\"og:type\" content=\"article\" \/>\n<meta property=\"og:title\" content=\"M\u00f5\u00f5dud_avad_logo - Ringsem pinnakaitsematid\" \/>\n<meta property=\"og:description\" content=\"Personaliseerimine: m\u00f5\u00f5dud, avad ja logo lisamine M\u00f5\u00f5dud Matte on v\u00f5imalik tellida ka erim\u00f5\u00f5dus ja endale sobiva avade kombinatsiooniga kuid miinimum tellimus sellel juhul on 1 alus. Suuruse saate ise m\u00e4\u00e4rata maksimaalsed m\u00f5\u00f5dud on laius\u00a0 kuni 1,5 m\u00a0 ja\u00a0 pikkus 3,5m. Avade v\u00f5imalikud asukohad Avade kombinatsioonide t\u00e4histamise koodid on toodud siin Logo lisamine Logo lisatakse mattidele [&hellip;]\" \/>\n<meta property=\"og:url\" content=\"https:\/\/www.ringsem.ee\/amar\/valikud\/\" \/>\n<meta property=\"og:site_name\" content=\"Ringsem pinnakaitsematid\" \/>\n<meta property=\"article:publisher\" content=\"https:\/\/www.facebook.com\/profile.php?id=61565360201288\" \/>\n<meta property=\"article:modified_time\" content=\"2025-05-02T07:31:49+00:00\" \/>\n<meta property=\"og:image\" content=\"http:\/\/www.ringsem.ee\/amar\/wp-content\/uploads\/2025\/05\/Akaepidemete-ja-avade-asukohad-768x382.jpg\" \/>\n<meta name=\"twitter:card\" content=\"summary_large_image\" \/>\n<meta name=\"twitter:label1\" content=\"Est. reading time\" \/>\n\t<meta name=\"twitter:data1\" content=\"2 minutit\" \/>\n<script type=\"application\/ld+json\" class=\"yoast-schema-graph\">{\"@context\":\"https:\\\/\\\/schema.org\",\"@graph\":[{\"@type\":\"WebPage\",\"@id\":\"https:\\\/\\\/www.ringsem.ee\\\/amar\\\/valikud\\\/\",\"url\":\"https:\\\/\\\/www.ringsem.ee\\\/amar\\\/valikud\\\/\",\"name\":\"M\u00f5\u00f5dud_avad_logo - Ringsem pinnakaitsematid\",\"isPartOf\":{\"@id\":\"https:\\\/\\\/ringsem.ee\\\/amar\\\/#website\"},\"primaryImageOfPage\":{\"@id\":\"https:\\\/\\\/www.ringsem.ee\\\/amar\\\/valikud\\\/#primaryimage\"},\"image\":{\"@id\":\"https:\\\/\\\/www.ringsem.ee\\\/amar\\\/valikud\\\/#primaryimage\"},\"thumbnailUrl\":\"http:\\\/\\\/www.ringsem.ee\\\/amar\\\/wp-content\\\/uploads\\\/2025\\\/05\\\/Akaepidemete-ja-avade-asukohad-768x382.jpg\",\"datePublished\":\"2025-05-02T03:54:39+00:00\",\"dateModified\":\"2025-05-02T07:31:49+00:00\",\"breadcrumb\":{\"@id\":\"https:\\\/\\\/www.ringsem.ee\\\/amar\\\/valikud\\\/#breadcrumb\"},\"inLanguage\":\"et\",\"potentialAction\":[{\"@type\":\"ReadAction\",\"target\":[\"https:\\\/\\\/www.ringsem.ee\\\/amar\\\/valikud\\\/\"]}]},{\"@type\":\"ImageObject\",\"inLanguage\":\"et\",\"@id\":\"https:\\\/\\\/www.ringsem.ee\\\/amar\\\/valikud\\\/#primaryimage\",\"url\":\"http:\\\/\\\/ringsem.ee\\\/amar\\\/wp-content\\\/uploads\\\/2025\\\/05\\\/Akaepidemete-ja-avade-asukohad.jpg\",\"contentUrl\":\"http:\\\/\\\/ringsem.ee\\\/amar\\\/wp-content\\\/uploads\\\/2025\\\/05\\\/Akaepidemete-ja-avade-asukohad.jpg\",\"width\":967,\"height\":481},{\"@type\":\"BreadcrumbList\",\"@id\":\"https:\\\/\\\/www.ringsem.ee\\\/amar\\\/valikud\\\/#breadcrumb\",\"itemListElement\":[{\"@type\":\"ListItem\",\"position\":1,\"name\":\"Home\",\"item\":\"https:\\\/\\\/ringsem.ee\\\/amar\\\/\"},{\"@type\":\"ListItem\",\"position\":2,\"name\":\"M\u00f5\u00f5dud_avad_logo\"}]},{\"@type\":\"WebSite\",\"@id\":\"https:\\\/\\\/ringsem.ee\\\/amar\\\/#website\",\"url\":\"https:\\\/\\\/ringsem.ee\\\/amar\\\/\",\"name\":\"Ringsem Amar\",\"description\":\"Pinnakaitsemattidega kaitsed aluspinnast olgu selleks muru, sillutis v\u00f5i siseruumide p\u00f5rand.  Ringsem tootevalikus on Danrec-i kvaliteetsed ja pikaealised pinnakaitsematid.\",\"publisher\":{\"@id\":\"https:\\\/\\\/ringsem.ee\\\/amar\\\/#organization\"},\"alternateName\":\"Pinnakaitsematid\",\"potentialAction\":[{\"@type\":\"SearchAction\",\"target\":{\"@type\":\"EntryPoint\",\"urlTemplate\":\"https:\\\/\\\/ringsem.ee\\\/amar\\\/?s={search_term_string}\"},\"query-input\":{\"@type\":\"PropertyValueSpecification\",\"valueRequired\":true,\"valueName\":\"search_term_string\"}}],\"inLanguage\":\"et\"},{\"@type\":\"Organization\",\"@id\":\"https:\\\/\\\/ringsem.ee\\\/amar\\\/#organization\",\"name\":\"Amar pinnakaitsematid\",\"alternateName\":\"Ringsem.ee\",\"url\":\"https:\\\/\\\/ringsem.ee\\\/amar\\\/\",\"logo\":{\"@type\":\"ImageObject\",\"inLanguage\":\"et\",\"@id\":\"https:\\\/\\\/ringsem.ee\\\/amar\\\/#\\\/schema\\\/logo\\\/image\\\/\",\"url\":\"http:\\\/\\\/ringsem.ee\\\/amar\\\/wp-content\\\/uploads\\\/2025\\\/04\\\/cropped-Ringsem-logo-labipaistev-taust.png\",\"contentUrl\":\"http:\\\/\\\/ringsem.ee\\\/amar\\\/wp-content\\\/uploads\\\/2025\\\/04\\\/cropped-Ringsem-logo-labipaistev-taust.png\",\"width\":1234,\"height\":412,\"caption\":\"Amar pinnakaitsematid\"},\"image\":{\"@id\":\"https:\\\/\\\/ringsem.ee\\\/amar\\\/#\\\/schema\\\/logo\\\/image\\\/\"},\"sameAs\":[\"https:\\\/\\\/www.facebook.com\\\/profile.php?id=61565360201288\"]}]}<\/script>\n<!-- \/ Yoast SEO plugin. -->","yoast_head_json":{"title":"M\u00f5\u00f5dud_avad_logo - Ringsem pinnakaitsematid","robots":{"index":"index","follow":"follow","max-snippet":"max-snippet:-1","max-image-preview":"max-image-preview:large","max-video-preview":"max-video-preview:-1"},"canonical":"https:\/\/www.ringsem.ee\/amar\/valikud\/","og_locale":"et_EE","og_type":"article","og_title":"M\u00f5\u00f5dud_avad_logo - Ringsem pinnakaitsematid","og_description":"Personaliseerimine: m\u00f5\u00f5dud, avad ja logo lisamine M\u00f5\u00f5dud Matte on v\u00f5imalik tellida ka erim\u00f5\u00f5dus ja endale sobiva avade kombinatsiooniga kuid miinimum tellimus sellel juhul on 1 alus. Suuruse saate ise m\u00e4\u00e4rata maksimaalsed m\u00f5\u00f5dud on laius\u00a0 kuni 1,5 m\u00a0 ja\u00a0 pikkus 3,5m. Avade v\u00f5imalikud asukohad Avade kombinatsioonide t\u00e4histamise koodid on toodud siin Logo lisamine Logo lisatakse mattidele [&hellip;]","og_url":"https:\/\/www.ringsem.ee\/amar\/valikud\/","og_site_name":"Ringsem pinnakaitsematid","article_publisher":"https:\/\/www.facebook.com\/profile.php?id=61565360201288","article_modified_time":"2025-05-02T07:31:49+00:00","og_image":[{"url":"http:\/\/www.ringsem.ee\/amar\/wp-content\/uploads\/2025\/05\/Akaepidemete-ja-avade-asukohad-768x382.jpg","type":"","width":"","height":""}],"twitter_card":"summary_large_image","twitter_misc":{"Est. reading time":"2 minutit"},"schema":{"@context":"https:\/\/schema.org","@graph":[{"@type":"WebPage","@id":"https:\/\/www.ringsem.ee\/amar\/valikud\/","url":"https:\/\/www.ringsem.ee\/amar\/valikud\/","name":"M\u00f5\u00f5dud_avad_logo - Ringsem pinnakaitsematid","isPartOf":{"@id":"https:\/\/ringsem.ee\/amar\/#website"},"primaryImageOfPage":{"@id":"https:\/\/www.ringsem.ee\/amar\/valikud\/#primaryimage"},"image":{"@id":"https:\/\/www.ringsem.ee\/amar\/valikud\/#primaryimage"},"thumbnailUrl":"http:\/\/www.ringsem.ee\/amar\/wp-content\/uploads\/2025\/05\/Akaepidemete-ja-avade-asukohad-768x382.jpg","datePublished":"2025-05-02T03:54:39+00:00","dateModified":"2025-05-02T07:31:49+00:00","breadcrumb":{"@id":"https:\/\/www.ringsem.ee\/amar\/valikud\/#breadcrumb"},"inLanguage":"et","potentialAction":[{"@type":"ReadAction","target":["https:\/\/www.ringsem.ee\/amar\/valikud\/"]}]},{"@type":"ImageObject","inLanguage":"et","@id":"https:\/\/www.ringsem.ee\/amar\/valikud\/#primaryimage","url":"http:\/\/ringsem.ee\/amar\/wp-content\/uploads\/2025\/05\/Akaepidemete-ja-avade-asukohad.jpg","contentUrl":"http:\/\/ringsem.ee\/amar\/wp-content\/uploads\/2025\/05\/Akaepidemete-ja-avade-asukohad.jpg","width":967,"height":481},{"@type":"BreadcrumbList","@id":"https:\/\/www.ringsem.ee\/amar\/valikud\/#breadcrumb","itemListElement":[{"@type":"ListItem","position":1,"name":"Home","item":"https:\/\/ringsem.ee\/amar\/"},{"@type":"ListItem","position":2,"name":"M\u00f5\u00f5dud_avad_logo"}]},{"@type":"WebSite","@id":"https:\/\/ringsem.ee\/amar\/#website","url":"https:\/\/ringsem.ee\/amar\/","name":"Ringsem Amar","description":"Pinnakaitsemattidega kaitsed aluspinnast olgu selleks muru, sillutis v\u00f5i siseruumide p\u00f5rand.  Ringsem tootevalikus on Danrec-i kvaliteetsed ja pikaealised pinnakaitsematid.","publisher":{"@id":"https:\/\/ringsem.ee\/amar\/#organization"},"alternateName":"Pinnakaitsematid","potentialAction":[{"@type":"SearchAction","target":{"@type":"EntryPoint","urlTemplate":"https:\/\/ringsem.ee\/amar\/?s={search_term_string}"},"query-input":{"@type":"PropertyValueSpecification","valueRequired":true,"valueName":"search_term_string"}}],"inLanguage":"et"},{"@type":"Organization","@id":"https:\/\/ringsem.ee\/amar\/#organization","name":"Amar pinnakaitsematid","alternateName":"Ringsem.ee","url":"https:\/\/ringsem.ee\/amar\/","logo":{"@type":"ImageObject","inLanguage":"et","@id":"https:\/\/ringsem.ee\/amar\/#\/schema\/logo\/image\/","url":"http:\/\/ringsem.ee\/amar\/wp-content\/uploads\/2025\/04\/cropped-Ringsem-logo-labipaistev-taust.png","contentUrl":"http:\/\/ringsem.ee\/amar\/wp-content\/uploads\/2025\/04\/cropped-Ringsem-logo-labipaistev-taust.png","width":1234,"height":412,"caption":"Amar pinnakaitsematid"},"image":{"@id":"https:\/\/ringsem.ee\/amar\/#\/schema\/logo\/image\/"},"sameAs":["https:\/\/www.facebook.com\/profile.php?id=61565360201288"]}]}},"uagb_featured_image_src":{"full":false,"thumbnail":false,"medium":false,"medium_large":false,"large":false,"1536x1536":false,"2048x2048":false,"woocommerce_thumbnail":false,"woocommerce_single":false,"woocommerce_gallery_thumbnail":false},"uagb_author_info":{"display_name":"vilsaark","author_link":"http:\/\/www.ringsem.ee\/amar\/author\/vilsaark\/"},"uagb_comment_info":0,"uagb_excerpt":"Personaliseerimine: m\u00f5\u00f5dud, avad ja logo lisamine M\u00f5\u00f5dud Matte on v\u00f5imalik tellida ka erim\u00f5\u00f5dus ja endale sobiva avade kombinatsiooniga kuid miinimum tellimus sellel juhul on 1 alus. Suuruse saate ise m\u00e4\u00e4rata maksimaalsed m\u00f5\u00f5dud on laius\u00a0 kuni 1,5 m\u00a0 ja\u00a0 pikkus 3,5m. Avade v\u00f5imalikud asukohad Avade kombinatsioonide t\u00e4histamise koodid on toodud siin Logo lisamine Logo lisatakse mattidele&hellip;","jetpack_sharing_enabled":true,"_links":{"self":[{"href":"http:\/\/www.ringsem.ee\/amar\/wp-json\/wp\/v2\/pages\/2808","targetHints":{"allow":["GET"]}}],"collection":[{"href":"http:\/\/www.ringsem.ee\/amar\/wp-json\/wp\/v2\/pages"}],"about":[{"href":"http:\/\/www.ringsem.ee\/amar\/wp-json\/wp\/v2\/types\/page"}],"author":[{"embeddable":true,"href":"http:\/\/www.ringsem.ee\/amar\/wp-json\/wp\/v2\/users\/1"}],"replies":[{"embeddable":true,"href":"http:\/\/www.ringsem.ee\/amar\/wp-json\/wp\/v2\/comments?post=2808"}],"version-history":[{"count":5,"href":"http:\/\/www.ringsem.ee\/amar\/wp-json\/wp\/v2\/pages\/2808\/revisions"}],"predecessor-version":[{"id":2855,"href":"http:\/\/www.ringsem.ee\/amar\/wp-json\/wp\/v2\/pages\/2808\/revisions\/2855"}],"wp:attachment":[{"href":"http:\/\/www.ringsem.ee\/amar\/wp-json\/wp\/v2\/media?parent=2808"}],"curies":[{"name":"wp","href":"https:\/\/api.w.org\/{rel}","templated":true}]}}