{"id":2353,"date":"2025-01-20T11:15:03","date_gmt":"2025-01-20T09:15:03","guid":{"rendered":"https:\/\/www.ringsem.ee\/amar\/?page_id=2353"},"modified":"2025-01-23T10:02:42","modified_gmt":"2025-01-23T08:02:42","slug":"pinnakaitsematid-ehitusplatsidel","status":"publish","type":"page","link":"https:\/\/www.ringsem.ee\/amar\/pinnakaitsematid-ehitusplatsidel\/","title":{"rendered":"Pinnakaitsematid ehitusplatsidel"},"content":{"rendered":"<p><strong>Pinnakaitsematid ehitusplatsidel: Kuidas kaitsta tundlikke pindu ja v\u00e4hendada taastamiskulusid<\/strong><\/p>\r\n<p><!-- \/wp:post-content -->\r\n\r\n<!-- wp:paragraph --><\/p>\r\n<p>Ehitusprojektidel aitavad pinnakaitsematid hoida ehitusplatsi korras, parendada jalak\u00e4ijate ja tehnika liikumismugavust,\u00a0 v\u00e4hendada pori teket ning mustuse siseruumidesse kandumist. Pinnakaitsemattide abil saab luua ka puhtaid demoalasid, kui ehitus on l\u00f5ppj\u00e4rgus ja pinnas on veel korrastamata v\u00f5i sillutis paigaldamata.\u00a0<\/p>\r\n<p><img fetchpriority=\"high\" decoding=\"async\" class=\"alignnone size-medium wp-image-2474\" src=\"http:\/\/www.ringsem.ee\/amar\/wp-content\/uploads\/2025\/01\/pinnakaitsematid-ehitusel-ajutised-teed-300x200.jpg\" alt=\"\" width=\"300\" height=\"200\" srcset=\"https:\/\/www.ringsem.ee\/amar\/wp-content\/uploads\/2025\/01\/pinnakaitsematid-ehitusel-ajutised-teed-300x200.jpg 300w, https:\/\/www.ringsem.ee\/amar\/wp-content\/uploads\/2025\/01\/pinnakaitsematid-ehitusel-ajutised-teed-1024x683.jpg 1024w, https:\/\/www.ringsem.ee\/amar\/wp-content\/uploads\/2025\/01\/pinnakaitsematid-ehitusel-ajutised-teed-768x512.jpg 768w, https:\/\/www.ringsem.ee\/amar\/wp-content\/uploads\/2025\/01\/pinnakaitsematid-ehitusel-ajutised-teed-1536x1024.jpg 1536w, https:\/\/www.ringsem.ee\/amar\/wp-content\/uploads\/2025\/01\/pinnakaitsematid-ehitusel-ajutised-teed-600x400.jpg 600w, https:\/\/www.ringsem.ee\/amar\/wp-content\/uploads\/2025\/01\/pinnakaitsematid-ehitusel-ajutised-teed.jpg 1800w\" sizes=\"(max-width: 300px) 100vw, 300px\" \/><img decoding=\"async\" class=\"alignnone size-medium wp-image-2498\" src=\"http:\/\/www.ringsem.ee\/amar\/wp-content\/uploads\/2025\/01\/pinnakaitsematid-ehitusel-1-300x200.jpg\" alt=\"\" width=\"300\" height=\"200\" srcset=\"https:\/\/www.ringsem.ee\/amar\/wp-content\/uploads\/2025\/01\/pinnakaitsematid-ehitusel-1-300x200.jpg 300w, https:\/\/www.ringsem.ee\/amar\/wp-content\/uploads\/2025\/01\/pinnakaitsematid-ehitusel-1-1024x683.jpg 1024w, https:\/\/www.ringsem.ee\/amar\/wp-content\/uploads\/2025\/01\/pinnakaitsematid-ehitusel-1-768x512.jpg 768w, https:\/\/www.ringsem.ee\/amar\/wp-content\/uploads\/2025\/01\/pinnakaitsematid-ehitusel-1-1536x1024.jpg 1536w, https:\/\/www.ringsem.ee\/amar\/wp-content\/uploads\/2025\/01\/pinnakaitsematid-ehitusel-1-600x400.jpg 600w, https:\/\/www.ringsem.ee\/amar\/wp-content\/uploads\/2025\/01\/pinnakaitsematid-ehitusel-1.jpg 1800w\" sizes=\"(max-width: 300px) 100vw, 300px\" \/>\u00a0<\/p>\r\n<p><!-- \/wp:paragraph -->\r\n\r\n<!-- wp:paragraph --><\/p>\r\n<p><strong>Miks on pinnakaitsematid olulised?<\/strong><\/p>\r\n<p><!-- \/wp:paragraph -->\r\n\r\n<!-- wp:paragraph --><\/p>\r\n<p>Ehitusplatsidel liigutatakse raskeid masinaid, varustust ja materjale, mis v\u00f5ivad aluspinda kergesti kahjustada. Porine pind ja s\u00fcgavad roopad aeglustavad tehnika ja inimeste liikumiskiirust.\u00a0 Pinnakaitsematid toimivad kaitsva barj\u00e4\u00e4rina, v\u00e4hendades survet ja takistades pinnakahjustuste tekkimist.\u00a0 Pinnakaitsemattide muster v\u00e4hendab libisemise ja pinnasesse kinnij\u00e4\u00e4mise ohtu ning suurendab t\u00f6\u00f6tamise mugavust ja kiirust.\u00a0\u00a0<\/p>\r\n<p><strong>1. Kasutuse eesm\u00e4rk\u00a0<\/strong><\/p>\r\n<p><!-- \/wp:paragraph -->\r\n\r\n<!-- wp:list {\"ordered\":true} --><\/p>\r\n<ol>\r\n<li style=\"list-style-type: none;\">\r\n<ol><!-- wp:list-item --><\/ol>\r\n<\/li>\r\n<\/ol>\r\n<p><!-- \/wp:list-item --><\/p>\r\n<p><!-- \/wp:list -->\r\n\r\n<!-- wp:list --><\/p>\r\n<ul>\r\n<li style=\"list-style-type: none;\">\r\n<ul><!-- wp:list-item --><\/ul>\r\n<\/li>\r\n<\/ul>\r\n<ul>\r\n<li>Luua ajutised teed jalak\u00e4ijatele: pinnakaitsematte kasutades saab luua ajutised teed jalak\u00e4ijatele ning tehnikale. Ka inimeste liikumisteed muutuvad poriseks ja raskemini l\u00e4bitavaks. Pinnakaitsematte kasutades saab luua porivabad alad ja k\u00e4iguteed t\u00f6\u00f6tajatele ja k\u00fclastajatele. V\u00e4hendada pori kandmist siseruumidesse.\u00a0<!-- \/wp:list-item -->\r\n\r\n<!-- wp:list-item --><\/li>\r\n<li>Ajal kui pinnas on pehme ja tekitavad tehnikaga liikumine roopaid ja pori. Pinnakaitsematid aitavad v\u00e4hendada masinate l\u00e4bivajumist pehmel pinnasel ja pori roobaste tekkimist.<\/li>\r\n<\/ul>\r\n<p><strong>2. Pinnase t\u00fc\u00fcp ja kasutatava tehnika raskus<\/strong><\/p>\r\n<p>Kui rajada jalak\u00e4ijate teid, sobivad \u00f5hemad 4-8 mm pinnakaitsematid. Raskema tehnika kasutamisel tuleb kasutada paksemaid ja suurema kandev\u00f5imega matte mis on ka j\u00e4igemad. Oluline on ka tasapinna siledus ida pehmem ja ebatasasem on pind seda suurema varuga tuleks pinnakaitsematte valida.\u00a0<\/p>\r\n<p><img decoding=\"async\" class=\"alignnone size-medium wp-image-2494\" src=\"http:\/\/www.ringsem.ee\/amar\/wp-content\/uploads\/2025\/01\/pinnakaitsematt-kruusal-liival-1-300x200.jpg\" alt=\"\" width=\"300\" height=\"200\" srcset=\"https:\/\/www.ringsem.ee\/amar\/wp-content\/uploads\/2025\/01\/pinnakaitsematt-kruusal-liival-1-300x200.jpg 300w, https:\/\/www.ringsem.ee\/amar\/wp-content\/uploads\/2025\/01\/pinnakaitsematt-kruusal-liival-1-1024x683.jpg 1024w, https:\/\/www.ringsem.ee\/amar\/wp-content\/uploads\/2025\/01\/pinnakaitsematt-kruusal-liival-1-768x512.jpg 768w, https:\/\/www.ringsem.ee\/amar\/wp-content\/uploads\/2025\/01\/pinnakaitsematt-kruusal-liival-1-1536x1024.jpg 1536w, https:\/\/www.ringsem.ee\/amar\/wp-content\/uploads\/2025\/01\/pinnakaitsematt-kruusal-liival-1-600x400.jpg 600w, https:\/\/www.ringsem.ee\/amar\/wp-content\/uploads\/2025\/01\/pinnakaitsematt-kruusal-liival-1.jpg 1800w\" sizes=\"(max-width: 300px) 100vw, 300px\" \/><img loading=\"lazy\" decoding=\"async\" class=\"alignnone size-medium wp-image-2570\" src=\"http:\/\/www.ringsem.ee\/amar\/wp-content\/uploads\/2025\/01\/Pinnakaitsematid-ehitusel-2-300x200.jpg\" alt=\"\" width=\"300\" height=\"200\" srcset=\"https:\/\/www.ringsem.ee\/amar\/wp-content\/uploads\/2025\/01\/Pinnakaitsematid-ehitusel-2-300x200.jpg 300w, https:\/\/www.ringsem.ee\/amar\/wp-content\/uploads\/2025\/01\/Pinnakaitsematid-ehitusel-2-1024x683.jpg 1024w, https:\/\/www.ringsem.ee\/amar\/wp-content\/uploads\/2025\/01\/Pinnakaitsematid-ehitusel-2-768x512.jpg 768w, https:\/\/www.ringsem.ee\/amar\/wp-content\/uploads\/2025\/01\/Pinnakaitsematid-ehitusel-2-1536x1024.jpg 1536w, https:\/\/www.ringsem.ee\/amar\/wp-content\/uploads\/2025\/01\/Pinnakaitsematid-ehitusel-2-600x400.jpg 600w, https:\/\/www.ringsem.ee\/amar\/wp-content\/uploads\/2025\/01\/Pinnakaitsematid-ehitusel-2.jpg 1800w\" sizes=\"(max-width: 300px) 100vw, 300px\" \/><\/p>\r\n<p><!-- \/wp:list-item --><\/p>\r\n<p><!-- \/wp:list -->\r\n\r\n<!-- wp:list {\"ordered\":true} --><\/p>\r\n<ol><!-- wp:list-item \/--><\/ol>\r\n<p><!-- \/wp:list -->\r\n\r\n<!-- wp:paragraph --><\/p>\r\n<p><!-- \/wp:paragraph -->\r\n\r\n<!-- wp:list {\"ordered\":true,\"start\":2} --><\/p>\r\n<ol start=\"2\">\r\n<li style=\"list-style-type: none;\">\r\n<ol start=\"2\"><!-- wp:list-item --><\/ol>\r\n<\/li>\r\n<\/ol>\r\n<p><strong>3. S\u00f5idukiirus ja masinate rehvis\u00fcgavus<\/strong><\/p>\r\n<p><!-- \/wp:list-item --><\/p>\r\n<p><!-- \/wp:list -->\r\n\r\n<!-- wp:paragraph --><\/p>\r\n<p>Kas vajad matte jalak\u00e4ijate, s\u00f5iduautode v\u00f5i rasketehnika jaoks? Suure kandev\u00f5imega Extreme t\u00fc\u00fcpi pinnakaitsemattide rehvis\u00fcgavus on 4 mm mis suurendab mattide tugevust veelgi v\u00e4hendab l\u00e4bipaindumist ja parendab haaret. Kuid siledama rehvi ja kiirema s\u00f5idukiiruse korral v\u00f5ib tunduda pind liiga krobeline ja vibratsioon suureneda.\u00a0 80-100 t\/m2 kandev\u00f5imega mattidel on v\u00f5imalik valida nii 2mm ground mattide kui 4mm mustris\u00fcgavusega extreme mattide vahel. Alates kandev\u00f5imest 150 t\/m2 on saadaval vaid extreme mustriga matid.<\/p>\r\n<p>&nbsp;<\/p>\r\n<p><strong>Kas vajad pinnakaitsematte? Tutvu meie lahendustega:\u00a0<a href=\"https:\/\/www.ringsem.ee\/\">ringsem.ee\/amar<\/a><\/strong><\/p>\r\n<p><strong>V\u00f5ta meiega \u00fchendust<\/strong><\/p>\r\n<p><!-- \/wp:paragraph --><\/p>\r\n<form id=\"wpforms-form-1926\" action=\"\/amar\/wp-admin\/admin-ajax.php\" enctype=\"multipart\/form-data\" method=\"post\" data-formid=\"1926\" data-token=\"f2d53a8f0c78646eecad6ef53c496158\" data-token-time=\"1737371023\"><noscript>Please enable JavaScript in your browser to complete this form.<\/noscript><label for=\"wpforms-1926-field_0\">Nimi *<\/label><input id=\"wpforms-1926-field_0\" name=\"wpforms[fields][0][first]\" required=\"\" type=\"text\" placeholder=\"Eesnimi\" \/><label for=\"wpforms-1926-field_0\">First<\/label><input id=\"wpforms-1926-field_0-last\" name=\"wpforms[fields][0][last]\" required=\"\" type=\"text\" placeholder=\"Perekonnanimi\" \/><label for=\"wpforms-1926-field_0-last\">Last<\/label><label for=\"wpforms-1926-field_3\">Ettev\u00f5tte nimi (valikuline)<\/label><input id=\"wpforms-1926-field_3\" name=\"wpforms[fields][3]\" type=\"text\" \/><label for=\"wpforms-1926-field_1\">E-posti aadress *<\/label><input id=\"wpforms-1926-field_1\" spellcheck=\"false\" name=\"wpforms[fields][1]\" required=\"\" type=\"email\" \/><label for=\"wpforms-1926-field_2\">S\u00f5num *<\/label><textarea id=\"wpforms-1926-field_2\" name=\"wpforms[fields][2]\" required=\"\"><\/textarea><!-- .wpforms-field-container --><input name=\"wpforms[id]\" type=\"hidden\" value=\"1926\" \/> <input name=\"wpforms[nonce]\" type=\"hidden\" value=\"c4b86bf242\" \/> <input name=\"page_title\" type=\"hidden\" value=\"{page_title}\" \/><input name=\"page_url\" type=\"hidden\" value=\"http:\/\/page_url\" \/><button id=\"wpforms-submit-1926\" name=\"wpforms[submit]\" type=\"submit\" value=\"wpforms-submit\" data-alt-text=\"Saadan p\u00e4ringut...\" data-submit-text=\"Saada p\u00e4ring\" aria-live=\"assertive\">Saada p\u00e4ring<\/button><img loading=\"lazy\" decoding=\"async\" style=\"display: none;\" src=\"https:\/\/ringsem.ee\/amar\/wp-content\/plugins\/wpforms-lite\/assets\/images\/submit-spin.svg\" alt=\"Loading\" width=\"26\" height=\"26\" \/><\/form><!-- .wpforms-container -->","protected":false},"excerpt":{"rendered":"<p>Pinnakaitsematid ehitusplatsidel: Kuidas kaitsta tundlikke pindu ja v\u00e4hendada taastamiskulusid Ehitusprojektidel aitavad pinnakaitsematid hoida ehitusplatsi korras, parendada jalak\u00e4ijate ja tehnika liikumismugavust,\u00a0 v\u00e4hendada pori teket ning mustuse siseruumidesse kandumist. Pinnakaitsemattide abil saab luua ka puhtaid demoalasid, kui ehitus on l\u00f5ppj\u00e4rgus ja pinnas on veel korrastamata v\u00f5i sillutis paigaldamata.\u00a0 \u00a0 Miks on pinnakaitsematid olulised? Ehitusplatsidel liigutatakse raskeid masinaid, [&hellip;]<\/p>\n","protected":false},"author":1,"featured_media":0,"parent":0,"menu_order":0,"comment_status":"closed","ping_status":"closed","template":"","meta":{"_uag_custom_page_level_css":"","site-sidebar-layout":"default","site-content-layout":"","ast-site-content-layout":"default","site-content-style":"default","site-sidebar-style":"default","ast-global-header-display":"","ast-banner-title-visibility":"","ast-main-header-display":"","ast-hfb-above-header-display":"","ast-hfb-below-header-display":"","ast-hfb-mobile-header-display":"","site-post-title":"","ast-breadcrumbs-content":"","ast-featured-img":"","footer-sml-layout":"","theme-transparent-header-meta":"default","adv-header-id-meta":"","stick-header-meta":"","header-above-stick-meta":"","header-main-stick-meta":"","header-below-stick-meta":"","astra-migrate-meta-layouts":"set","ast-page-background-enabled":"default","ast-page-background-meta":{"desktop":{"background-color":"","background-image":"","background-repeat":"repeat","background-position":"center center","background-size":"auto","background-attachment":"scroll","background-type":"","background-media":"","overlay-type":"","overlay-color":"","overlay-opacity":"","overlay-gradient":""},"tablet":{"background-color":"","background-image":"","background-repeat":"repeat","background-position":"center center","background-size":"auto","background-attachment":"scroll","background-type":"","background-media":"","overlay-type":"","overlay-color":"","overlay-opacity":"","overlay-gradient":""},"mobile":{"background-color":"","background-image":"","background-repeat":"repeat","background-position":"center center","background-size":"auto","background-attachment":"scroll","background-type":"","background-media":"","overlay-type":"","overlay-color":"","overlay-opacity":"","overlay-gradient":""}},"ast-content-background-meta":{"desktop":{"background-color":"var(--ast-global-color-5)","background-image":"","background-repeat":"repeat","background-position":"center center","background-size":"auto","background-attachment":"scroll","background-type":"","background-media":"","overlay-type":"","overlay-color":"","overlay-opacity":"","overlay-gradient":""},"tablet":{"background-color":"var(--ast-global-color-5)","background-image":"","background-repeat":"repeat","background-position":"center center","background-size":"auto","background-attachment":"scroll","background-type":"","background-media":"","overlay-type":"","overlay-color":"","overlay-opacity":"","overlay-gradient":""},"mobile":{"background-color":"var(--ast-global-color-5)","background-image":"","background-repeat":"repeat","background-position":"center center","background-size":"auto","background-attachment":"scroll","background-type":"","background-media":"","overlay-type":"","overlay-color":"","overlay-opacity":"","overlay-gradient":""}},"footnotes":""},"class_list":["post-2353","page","type-page","status-publish","hentry"],"yoast_head":"<!-- This site is optimized with the Yoast SEO plugin v27.5 - https:\/\/yoast.com\/product\/yoast-seo-wordpress\/ -->\n<title>Pinnakaitsematid ehitusplatsidel - Ringsem pinnakaitsematid<\/title>\n<meta name=\"robots\" content=\"index, follow, max-snippet:-1, max-image-preview:large, max-video-preview:-1\" \/>\n<link rel=\"canonical\" href=\"https:\/\/www.ringsem.ee\/amar\/pinnakaitsematid-ehitusplatsidel\/\" \/>\n<meta property=\"og:locale\" content=\"et_EE\" \/>\n<meta property=\"og:type\" content=\"article\" \/>\n<meta property=\"og:title\" content=\"Pinnakaitsematid ehitusplatsidel - Ringsem pinnakaitsematid\" \/>\n<meta property=\"og:description\" content=\"Pinnakaitsematid ehitusplatsidel: Kuidas kaitsta tundlikke pindu ja v\u00e4hendada taastamiskulusid Ehitusprojektidel aitavad pinnakaitsematid hoida ehitusplatsi korras, parendada jalak\u00e4ijate ja tehnika liikumismugavust,\u00a0 v\u00e4hendada pori teket ning mustuse siseruumidesse kandumist. Pinnakaitsemattide abil saab luua ka puhtaid demoalasid, kui ehitus on l\u00f5ppj\u00e4rgus ja pinnas on veel korrastamata v\u00f5i sillutis paigaldamata.\u00a0 \u00a0 Miks on pinnakaitsematid olulised? Ehitusplatsidel liigutatakse raskeid masinaid, [&hellip;]\" \/>\n<meta property=\"og:url\" content=\"https:\/\/www.ringsem.ee\/amar\/pinnakaitsematid-ehitusplatsidel\/\" \/>\n<meta property=\"og:site_name\" content=\"Ringsem pinnakaitsematid\" \/>\n<meta property=\"article:publisher\" content=\"https:\/\/www.facebook.com\/profile.php?id=61565360201288\" \/>\n<meta property=\"article:modified_time\" content=\"2025-01-23T08:02:42+00:00\" \/>\n<meta property=\"og:image\" content=\"http:\/\/www.ringsem.ee\/amar\/wp-content\/uploads\/2025\/01\/pinnakaitsematid-ehitusel-ajutised-teed-300x200.jpg\" \/>\n<meta name=\"twitter:card\" content=\"summary_large_image\" \/>\n<meta name=\"twitter:label1\" content=\"Est. reading time\" \/>\n\t<meta name=\"twitter:data1\" content=\"3 minutit\" \/>\n<script type=\"application\/ld+json\" class=\"yoast-schema-graph\">{\"@context\":\"https:\\\/\\\/schema.org\",\"@graph\":[{\"@type\":\"WebPage\",\"@id\":\"https:\\\/\\\/www.ringsem.ee\\\/amar\\\/pinnakaitsematid-ehitusplatsidel\\\/\",\"url\":\"https:\\\/\\\/www.ringsem.ee\\\/amar\\\/pinnakaitsematid-ehitusplatsidel\\\/\",\"name\":\"Pinnakaitsematid ehitusplatsidel - Ringsem pinnakaitsematid\",\"isPartOf\":{\"@id\":\"https:\\\/\\\/ringsem.ee\\\/amar\\\/#website\"},\"primaryImageOfPage\":{\"@id\":\"https:\\\/\\\/www.ringsem.ee\\\/amar\\\/pinnakaitsematid-ehitusplatsidel\\\/#primaryimage\"},\"image\":{\"@id\":\"https:\\\/\\\/www.ringsem.ee\\\/amar\\\/pinnakaitsematid-ehitusplatsidel\\\/#primaryimage\"},\"thumbnailUrl\":\"http:\\\/\\\/www.ringsem.ee\\\/amar\\\/wp-content\\\/uploads\\\/2025\\\/01\\\/pinnakaitsematid-ehitusel-ajutised-teed-300x200.jpg\",\"datePublished\":\"2025-01-20T09:15:03+00:00\",\"dateModified\":\"2025-01-23T08:02:42+00:00\",\"breadcrumb\":{\"@id\":\"https:\\\/\\\/www.ringsem.ee\\\/amar\\\/pinnakaitsematid-ehitusplatsidel\\\/#breadcrumb\"},\"inLanguage\":\"et\",\"potentialAction\":[{\"@type\":\"ReadAction\",\"target\":[\"https:\\\/\\\/www.ringsem.ee\\\/amar\\\/pinnakaitsematid-ehitusplatsidel\\\/\"]}]},{\"@type\":\"ImageObject\",\"inLanguage\":\"et\",\"@id\":\"https:\\\/\\\/www.ringsem.ee\\\/amar\\\/pinnakaitsematid-ehitusplatsidel\\\/#primaryimage\",\"url\":\"https:\\\/\\\/www.ringsem.ee\\\/amar\\\/wp-content\\\/uploads\\\/2025\\\/01\\\/pinnakaitsematid-ehitusel-ajutised-teed.jpg\",\"contentUrl\":\"https:\\\/\\\/www.ringsem.ee\\\/amar\\\/wp-content\\\/uploads\\\/2025\\\/01\\\/pinnakaitsematid-ehitusel-ajutised-teed.jpg\",\"width\":1800,\"height\":1200},{\"@type\":\"BreadcrumbList\",\"@id\":\"https:\\\/\\\/www.ringsem.ee\\\/amar\\\/pinnakaitsematid-ehitusplatsidel\\\/#breadcrumb\",\"itemListElement\":[{\"@type\":\"ListItem\",\"position\":1,\"name\":\"Home\",\"item\":\"https:\\\/\\\/ringsem.ee\\\/amar\\\/\"},{\"@type\":\"ListItem\",\"position\":2,\"name\":\"Pinnakaitsematid ehitusplatsidel\"}]},{\"@type\":\"WebSite\",\"@id\":\"https:\\\/\\\/ringsem.ee\\\/amar\\\/#website\",\"url\":\"https:\\\/\\\/ringsem.ee\\\/amar\\\/\",\"name\":\"Ringsem Amar\",\"description\":\"Pinnakaitsemattidega kaitsed aluspinnast olgu selleks muru, sillutis v\u00f5i siseruumide p\u00f5rand.  Ringsem tootevalikus on Danrec-i kvaliteetsed ja pikaealised pinnakaitsematid.\",\"publisher\":{\"@id\":\"https:\\\/\\\/ringsem.ee\\\/amar\\\/#organization\"},\"alternateName\":\"Pinnakaitsematid\",\"potentialAction\":[{\"@type\":\"SearchAction\",\"target\":{\"@type\":\"EntryPoint\",\"urlTemplate\":\"https:\\\/\\\/ringsem.ee\\\/amar\\\/?s={search_term_string}\"},\"query-input\":{\"@type\":\"PropertyValueSpecification\",\"valueRequired\":true,\"valueName\":\"search_term_string\"}}],\"inLanguage\":\"et\"},{\"@type\":\"Organization\",\"@id\":\"https:\\\/\\\/ringsem.ee\\\/amar\\\/#organization\",\"name\":\"Amar pinnakaitsematid\",\"alternateName\":\"Ringsem.ee\",\"url\":\"https:\\\/\\\/ringsem.ee\\\/amar\\\/\",\"logo\":{\"@type\":\"ImageObject\",\"inLanguage\":\"et\",\"@id\":\"https:\\\/\\\/ringsem.ee\\\/amar\\\/#\\\/schema\\\/logo\\\/image\\\/\",\"url\":\"https:\\\/\\\/www.ringsem.ee\\\/amar\\\/wp-content\\\/uploads\\\/2025\\\/04\\\/cropped-Ringsem-logo-labipaistev-taust.png\",\"contentUrl\":\"https:\\\/\\\/www.ringsem.ee\\\/amar\\\/wp-content\\\/uploads\\\/2025\\\/04\\\/cropped-Ringsem-logo-labipaistev-taust.png\",\"width\":1234,\"height\":412,\"caption\":\"Amar pinnakaitsematid\"},\"image\":{\"@id\":\"https:\\\/\\\/ringsem.ee\\\/amar\\\/#\\\/schema\\\/logo\\\/image\\\/\"},\"sameAs\":[\"https:\\\/\\\/www.facebook.com\\\/profile.php?id=61565360201288\"]}]}<\/script>\n<!-- \/ Yoast SEO plugin. -->","yoast_head_json":{"title":"Pinnakaitsematid ehitusplatsidel - Ringsem pinnakaitsematid","robots":{"index":"index","follow":"follow","max-snippet":"max-snippet:-1","max-image-preview":"max-image-preview:large","max-video-preview":"max-video-preview:-1"},"canonical":"https:\/\/www.ringsem.ee\/amar\/pinnakaitsematid-ehitusplatsidel\/","og_locale":"et_EE","og_type":"article","og_title":"Pinnakaitsematid ehitusplatsidel - Ringsem pinnakaitsematid","og_description":"Pinnakaitsematid ehitusplatsidel: Kuidas kaitsta tundlikke pindu ja v\u00e4hendada taastamiskulusid Ehitusprojektidel aitavad pinnakaitsematid hoida ehitusplatsi korras, parendada jalak\u00e4ijate ja tehnika liikumismugavust,\u00a0 v\u00e4hendada pori teket ning mustuse siseruumidesse kandumist. Pinnakaitsemattide abil saab luua ka puhtaid demoalasid, kui ehitus on l\u00f5ppj\u00e4rgus ja pinnas on veel korrastamata v\u00f5i sillutis paigaldamata.\u00a0 \u00a0 Miks on pinnakaitsematid olulised? Ehitusplatsidel liigutatakse raskeid masinaid, [&hellip;]","og_url":"https:\/\/www.ringsem.ee\/amar\/pinnakaitsematid-ehitusplatsidel\/","og_site_name":"Ringsem pinnakaitsematid","article_publisher":"https:\/\/www.facebook.com\/profile.php?id=61565360201288","article_modified_time":"2025-01-23T08:02:42+00:00","og_image":[{"url":"http:\/\/www.ringsem.ee\/amar\/wp-content\/uploads\/2025\/01\/pinnakaitsematid-ehitusel-ajutised-teed-300x200.jpg","type":"","width":"","height":""}],"twitter_card":"summary_large_image","twitter_misc":{"Est. reading time":"3 minutit"},"schema":{"@context":"https:\/\/schema.org","@graph":[{"@type":"WebPage","@id":"https:\/\/www.ringsem.ee\/amar\/pinnakaitsematid-ehitusplatsidel\/","url":"https:\/\/www.ringsem.ee\/amar\/pinnakaitsematid-ehitusplatsidel\/","name":"Pinnakaitsematid ehitusplatsidel - Ringsem pinnakaitsematid","isPartOf":{"@id":"https:\/\/ringsem.ee\/amar\/#website"},"primaryImageOfPage":{"@id":"https:\/\/www.ringsem.ee\/amar\/pinnakaitsematid-ehitusplatsidel\/#primaryimage"},"image":{"@id":"https:\/\/www.ringsem.ee\/amar\/pinnakaitsematid-ehitusplatsidel\/#primaryimage"},"thumbnailUrl":"http:\/\/www.ringsem.ee\/amar\/wp-content\/uploads\/2025\/01\/pinnakaitsematid-ehitusel-ajutised-teed-300x200.jpg","datePublished":"2025-01-20T09:15:03+00:00","dateModified":"2025-01-23T08:02:42+00:00","breadcrumb":{"@id":"https:\/\/www.ringsem.ee\/amar\/pinnakaitsematid-ehitusplatsidel\/#breadcrumb"},"inLanguage":"et","potentialAction":[{"@type":"ReadAction","target":["https:\/\/www.ringsem.ee\/amar\/pinnakaitsematid-ehitusplatsidel\/"]}]},{"@type":"ImageObject","inLanguage":"et","@id":"https:\/\/www.ringsem.ee\/amar\/pinnakaitsematid-ehitusplatsidel\/#primaryimage","url":"https:\/\/www.ringsem.ee\/amar\/wp-content\/uploads\/2025\/01\/pinnakaitsematid-ehitusel-ajutised-teed.jpg","contentUrl":"https:\/\/www.ringsem.ee\/amar\/wp-content\/uploads\/2025\/01\/pinnakaitsematid-ehitusel-ajutised-teed.jpg","width":1800,"height":1200},{"@type":"BreadcrumbList","@id":"https:\/\/www.ringsem.ee\/amar\/pinnakaitsematid-ehitusplatsidel\/#breadcrumb","itemListElement":[{"@type":"ListItem","position":1,"name":"Home","item":"https:\/\/ringsem.ee\/amar\/"},{"@type":"ListItem","position":2,"name":"Pinnakaitsematid ehitusplatsidel"}]},{"@type":"WebSite","@id":"https:\/\/ringsem.ee\/amar\/#website","url":"https:\/\/ringsem.ee\/amar\/","name":"Ringsem Amar","description":"Pinnakaitsemattidega kaitsed aluspinnast olgu selleks muru, sillutis v\u00f5i siseruumide p\u00f5rand.  Ringsem tootevalikus on Danrec-i kvaliteetsed ja pikaealised pinnakaitsematid.","publisher":{"@id":"https:\/\/ringsem.ee\/amar\/#organization"},"alternateName":"Pinnakaitsematid","potentialAction":[{"@type":"SearchAction","target":{"@type":"EntryPoint","urlTemplate":"https:\/\/ringsem.ee\/amar\/?s={search_term_string}"},"query-input":{"@type":"PropertyValueSpecification","valueRequired":true,"valueName":"search_term_string"}}],"inLanguage":"et"},{"@type":"Organization","@id":"https:\/\/ringsem.ee\/amar\/#organization","name":"Amar pinnakaitsematid","alternateName":"Ringsem.ee","url":"https:\/\/ringsem.ee\/amar\/","logo":{"@type":"ImageObject","inLanguage":"et","@id":"https:\/\/ringsem.ee\/amar\/#\/schema\/logo\/image\/","url":"https:\/\/www.ringsem.ee\/amar\/wp-content\/uploads\/2025\/04\/cropped-Ringsem-logo-labipaistev-taust.png","contentUrl":"https:\/\/www.ringsem.ee\/amar\/wp-content\/uploads\/2025\/04\/cropped-Ringsem-logo-labipaistev-taust.png","width":1234,"height":412,"caption":"Amar pinnakaitsematid"},"image":{"@id":"https:\/\/ringsem.ee\/amar\/#\/schema\/logo\/image\/"},"sameAs":["https:\/\/www.facebook.com\/profile.php?id=61565360201288"]}]}},"uagb_featured_image_src":{"full":false,"thumbnail":false,"medium":false,"medium_large":false,"large":false,"1536x1536":false,"2048x2048":false,"woocommerce_thumbnail":false,"woocommerce_single":false,"woocommerce_gallery_thumbnail":false},"uagb_author_info":{"display_name":"vilsaark","author_link":"https:\/\/www.ringsem.ee\/amar\/author\/vilsaark\/"},"uagb_comment_info":0,"uagb_excerpt":"Pinnakaitsematid ehitusplatsidel: Kuidas kaitsta tundlikke pindu ja v\u00e4hendada taastamiskulusid Ehitusprojektidel aitavad pinnakaitsematid hoida ehitusplatsi korras, parendada jalak\u00e4ijate ja tehnika liikumismugavust,\u00a0 v\u00e4hendada pori teket ning mustuse siseruumidesse kandumist. Pinnakaitsemattide abil saab luua ka puhtaid demoalasid, kui ehitus on l\u00f5ppj\u00e4rgus ja pinnas on veel korrastamata v\u00f5i sillutis paigaldamata.\u00a0 \u00a0 Miks on pinnakaitsematid olulised? Ehitusplatsidel liigutatakse raskeid masinaid,&hellip;","jetpack_sharing_enabled":true,"_links":{"self":[{"href":"https:\/\/www.ringsem.ee\/amar\/wp-json\/wp\/v2\/pages\/2353","targetHints":{"allow":["GET"]}}],"collection":[{"href":"https:\/\/www.ringsem.ee\/amar\/wp-json\/wp\/v2\/pages"}],"about":[{"href":"https:\/\/www.ringsem.ee\/amar\/wp-json\/wp\/v2\/types\/page"}],"author":[{"embeddable":true,"href":"https:\/\/www.ringsem.ee\/amar\/wp-json\/wp\/v2\/users\/1"}],"replies":[{"embeddable":true,"href":"https:\/\/www.ringsem.ee\/amar\/wp-json\/wp\/v2\/comments?post=2353"}],"version-history":[{"count":5,"href":"https:\/\/www.ringsem.ee\/amar\/wp-json\/wp\/v2\/pages\/2353\/revisions"}],"predecessor-version":[{"id":2566,"href":"https:\/\/www.ringsem.ee\/amar\/wp-json\/wp\/v2\/pages\/2353\/revisions\/2566"}],"wp:attachment":[{"href":"https:\/\/www.ringsem.ee\/amar\/wp-json\/wp\/v2\/media?parent=2353"}],"curies":[{"name":"wp","href":"https:\/\/api.w.org\/{rel}","templated":true}]}}