{"id":1589,"date":"2024-06-07T03:58:03","date_gmt":"2024-06-07T03:58:03","guid":{"rendered":"http:\/\/ringsem.ee\/amar\/?post_type=product&#038;p=1589"},"modified":"2025-01-27T08:17:34","modified_gmt":"2025-01-27T06:17:34","slug":"pinnakaitsematt-6mm","status":"publish","type":"product","link":"https:\/\/www.ringsem.ee\/amar\/toode\/pinnakaitsematt-6mm\/","title":{"rendered":"Pinnakaitsematt 6 mm, 4 tonni\/m2"},"content":{"rendered":"<div class=\"wpforms-container \" id=\"wpforms-1448\"><form id=\"wpforms-form-1448\" class=\"wpforms-validate wpforms-form\" data-formid=\"1448\" method=\"post\" enctype=\"multipart\/form-data\" action=\"\/amar\/wp-json\/wp\/v2\/product\/1589\" data-token=\"2a2bf4a39818cff6bfeab717ede4f747\" data-token-time=\"1778266666\"><div class=\"wpforms-head-container\"><div class=\"wpforms-title\">Contact Form<\/div><\/div><noscript class=\"wpforms-error-noscript\">Please enable JavaScript in your browser to complete this form.<\/noscript><div class=\"wpforms-field-container\"><div id=\"wpforms-1448-field_0-container\" class=\"wpforms-field wpforms-field-name\" data-field-id=\"0\"><label class=\"wpforms-field-label wpforms-label-hide\" for=\"wpforms-1448-field_0\">Name<\/label><div class=\"wpforms-field-row wpforms-field-large\"><div class=\"wpforms-field-row-block wpforms-first wpforms-one-half\"><input type=\"text\" id=\"wpforms-1448-field_0\" class=\"wpforms-field-name-first\" name=\"wpforms[fields][0][first]\" placeholder=\"First name\" ><label for=\"wpforms-1448-field_0\" class=\"wpforms-field-sublabel after wpforms-sublabel-hide\">First<\/label><\/div><div class=\"wpforms-field-row-block wpforms-one-half\"><input type=\"text\" id=\"wpforms-1448-field_0-last\" class=\"wpforms-field-name-last\" name=\"wpforms[fields][0][last]\" placeholder=\"Last name\" ><label for=\"wpforms-1448-field_0-last\" class=\"wpforms-field-sublabel after wpforms-sublabel-hide\">Last<\/label><\/div><\/div><\/div><div id=\"wpforms-1448-field_1-container\" class=\"wpforms-field wpforms-field-email\" data-field-id=\"1\"><label class=\"wpforms-field-label wpforms-label-hide\" for=\"wpforms-1448-field_1\">Email<\/label><input type=\"email\" id=\"wpforms-1448-field_1\" class=\"wpforms-field-large\" name=\"wpforms[fields][1]\" placeholder=\"Enter email address\" spellcheck=\"false\" ><\/div><div id=\"wpforms-1448-field_2-container\" class=\"wpforms-field wpforms-field-textarea\" data-field-id=\"2\"><label class=\"wpforms-field-label wpforms-label-hide\" for=\"wpforms-1448-field_2\">Comment or Message<\/label><textarea id=\"wpforms-1448-field_2\" class=\"wpforms-field-large\" name=\"wpforms[fields][2]\" placeholder=\"Enter your message\" ><\/textarea><\/div><\/div><!-- .wpforms-field-container --><div class=\"wpforms-submit-container\" ><input type=\"hidden\" name=\"wpforms[id]\" value=\"1448\"><input type=\"hidden\" name=\"page_title\" value=\"\"><input type=\"hidden\" name=\"page_url\" value=\"https:\/\/www.ringsem.ee\/amar\/wp-json\/wp\/v2\/product\/1589\"><input type=\"hidden\" name=\"url_referer\" value=\"\"><button type=\"submit\" name=\"wpforms[submit]\" id=\"wpforms-submit-1448\" class=\"wpforms-submit\" data-alt-text=\"Sending...\" data-submit-text=\"Send Message\" aria-live=\"assertive\" value=\"wpforms-submit\">Send Message<\/button><\/div><\/form><\/div>  <!-- .wpforms-container -->\n<p>6mm pakused pinnakaitsematid sobivad eelk\u00f5ige jalak\u00e4ijate teede rajamiseks. Mustris\u00fcgavus 2 mm tagab haarde ja libisemisvastase kaitse.\u00a0 6 mm paksuse mati kandev\u00f5ime\u00a0 4 on tonni\/m2. kaal<\/p>\n<ul>\n<li style=\"font-weight: 400;\" aria-level=\"1\"><span style=\"font-weight: 400;\">K\u00f5ik AMAR pinnakaitsemati on v<\/span><span style=\"font-weight: 400;\">almistatud 100% ringlussev\u00f5etud LDPE plastist ning toodetud Euroopa Liidus.<\/span><\/li>\n<li style=\"font-weight: 400;\" aria-level=\"1\"><span style=\"font-weight: 400;\">Mattide standardm\u00f5\u00f5dud on 2000x1000m, 2400x1200m ja 3000&#215;1000 mm kuid k\u00f5iki pakuseid on v\u00f5imalik tellida erim\u00f5\u00f5tudes (min 1 alus) Plaatide maksimaalne pikkus on 3500 mm ja suurim laius <\/span>1500mm.<\/li>\n<li style=\"font-weight: 400;\" aria-level=\"1\">K\u00e4epidemeid ja kinnitusavasid on v\u00f5imalik kohandada vastavalt kliendi soovile. Soovitame kasutada standard avade asukohti.<\/li>\n<li style=\"font-weight: 400;\" aria-level=\"1\">Mattidele on v\u00f5imalik lisada ettev\u00f5tte logo v\u00f5i nimi<\/li>\n<li style=\"font-weight: 400;\" aria-level=\"1\">T\u00f6\u00f6temperatuurid -40\u2026+70C<\/li>\n<li style=\"font-weight: 400;\" aria-level=\"1\">V\u00e4rvus: must (v\u00f5imalik tellida ka teistes v\u00e4rvitoonides)<\/li>\n<li style=\"font-weight: 400;\" aria-level=\"1\">Pakend 6-20 plaati puidust alusel<\/li>\n<\/ul>\n<p><strong>Kasutusvaldkonnnad:<\/strong><\/p>\n<ul>\n<li><span style=\"font-weight: 400;\">Haljastus ja maastikuehitus<\/span><\/li>\n<li><span style=\"font-weight: 400;\">\u00dcrituste korraldamine<\/span><\/li>\n<li><span style=\"font-weight: 400;\">Ehitus<\/span><\/li>\n<li><span style=\"font-weight: 400;\">Transpordi sektor ja teedeehitus\u00a0<\/span><\/li>\n<li><span style=\"font-weight: 400;\">Metsandus\u00a0<\/span><\/li>\n<li><span style=\"font-weight: 400;\">Kaitset\u00f6\u00f6stus<\/span><\/li>\n<li><span style=\"font-weight: 400;\">P\u00f5llumajandus<\/span><\/li>\n<li><span style=\"font-weight: 400;\">jpm<\/span><\/li>\n<\/ul>\n<p>&nbsp;<\/p>\n","protected":false},"excerpt":{"rendered":"<p>6 mm pinnakaitsematt, mustris\u00fcgavus 2mm<\/p>\n<p>Kandv\u00f5ime 4 tonni\/m2.<\/p>\n<p>Kasutusvaldkonnad: ajutised jalak\u00e4ijate ja kergliiklusteed, ajutine parkimine, <span style=\"font-size: 16px; font-style: normal; font-weight: 400;\">ligip\u00e4\u00e4suteed lapsevankritele ja ratastoolidele, garaa\u017ei p\u00f5randad, <\/span><span style=\"font-size: 16px;\">kaide \u00e4\u00e4red, &#8230;<\/span><\/p>\n","protected":false},"featured_media":1593,"template":"","meta":{"_uag_custom_page_level_css":"","site-sidebar-layout":"default","site-content-layout":"default","ast-site-content-layout":"default","site-content-style":"default","site-sidebar-style":"default","ast-global-header-display":"","ast-banner-title-visibility":"","ast-main-header-display":"","ast-hfb-above-header-display":"","ast-hfb-below-header-display":"","ast-hfb-mobile-header-display":"","site-post-title":"disabled","ast-breadcrumbs-content":"disabled","ast-featured-img":"","footer-sml-layout":"","theme-transparent-header-meta":"default","adv-header-id-meta":"","stick-header-meta":"","header-above-stick-meta":"","header-main-stick-meta":"","header-below-stick-meta":"","astra-migrate-meta-layouts":"set","ast-page-background-enabled":"default","ast-page-background-meta":{"desktop":{"background-color":"","background-image":"","background-repeat":"repeat","background-position":"center center","background-size":"auto","background-attachment":"scroll","background-type":"","background-media":"","overlay-type":"","overlay-color":"","overlay-opacity":"","overlay-gradient":""},"tablet":{"background-color":"","background-image":"","background-repeat":"repeat","background-position":"center center","background-size":"auto","background-attachment":"scroll","background-type":"","background-media":"","overlay-type":"","overlay-color":"","overlay-opacity":"","overlay-gradient":""},"mobile":{"background-color":"","background-image":"","background-repeat":"repeat","background-position":"center center","background-size":"auto","background-attachment":"scroll","background-type":"","background-media":"","overlay-type":"","overlay-color":"","overlay-opacity":"","overlay-gradient":""}},"ast-content-background-meta":{"desktop":{"background-color":"var(--ast-global-color-5)","background-image":"","background-repeat":"repeat","background-position":"center center","background-size":"auto","background-attachment":"scroll","background-type":"","background-media":"","overlay-type":"","overlay-color":"","overlay-opacity":"","overlay-gradient":""},"tablet":{"background-color":"var(--ast-global-color-5)","background-image":"","background-repeat":"repeat","background-position":"center center","background-size":"auto","background-attachment":"scroll","background-type":"","background-media":"","overlay-type":"","overlay-color":"","overlay-opacity":"","overlay-gradient":""},"mobile":{"background-color":"var(--ast-global-color-5)","background-image":"","background-repeat":"repeat","background-position":"center center","background-size":"auto","background-attachment":"scroll","background-type":"","background-media":"","overlay-type":"","overlay-color":"","overlay-opacity":"","overlay-gradient":""}}},"product_brand":[],"product_cat":[21],"product_tag":[63,61,62],"class_list":{"0":"post-1589","1":"product","2":"type-product","3":"status-publish","4":"has-post-thumbnail","6":"product_cat-pinnakaitsematid","7":"product_tag-ajutised-jalakaijate-teed","8":"product_tag-pinnakaitsematt","9":"product_tag-pinnasekaitsematt","10":"pa_mootmed-1x1-m-voi-erimoot","11":"pa_mootmed-24x12-m","12":"pa_mootmed-2x1-m","13":"pa_mootmed-3x1-m","14":"desktop-align-left","15":"tablet-align-left","16":"mobile-align-left","18":"first","19":"instock","20":"taxable","21":"shipping-taxable","22":"purchasable","23":"product-type-variable"},"yoast_head":"<!-- This site is optimized with the Yoast SEO plugin v27.5 - https:\/\/yoast.com\/product\/yoast-seo-wordpress\/ -->\n<title>Pinnakaitsematt 6 mm, 4 tonni\/m2 - Ringsem pinnakaitsematid<\/title>\n<meta name=\"robots\" content=\"index, follow, max-snippet:-1, max-image-preview:large, max-video-preview:-1\" \/>\n<link rel=\"canonical\" href=\"https:\/\/www.ringsem.ee\/amar\/toode\/pinnakaitsematt-6mm\/\" \/>\n<meta property=\"og:locale\" content=\"et_EE\" \/>\n<meta property=\"og:type\" content=\"article\" \/>\n<meta property=\"og:title\" content=\"Pinnakaitsematt 6 mm, 4 tonni\/m2 - Ringsem pinnakaitsematid\" \/>\n<meta property=\"og:description\" content=\"6 mm pinnakaitsematt, mustris\u00fcgavus 2mm  Kandv\u00f5ime 4 tonni\/m2.  Kasutusvaldkonnad: ajutised jalak\u00e4ijate ja kergliiklusteed, ajutine parkimine, ligip\u00e4\u00e4suteed lapsevankritele ja ratastoolidele, garaa\u017ei p\u00f5randad, kaide \u00e4\u00e4red, ...\" \/>\n<meta property=\"og:url\" content=\"https:\/\/www.ringsem.ee\/amar\/toode\/pinnakaitsematt-6mm\/\" \/>\n<meta property=\"og:site_name\" content=\"Ringsem pinnakaitsematid\" \/>\n<meta property=\"article:publisher\" content=\"https:\/\/www.facebook.com\/profile.php?id=61565360201288\" \/>\n<meta property=\"article:modified_time\" content=\"2025-01-27T06:17:34+00:00\" \/>\n<meta property=\"og:image\" content=\"https:\/\/www.ringsem.ee\/amar\/wp-content\/uploads\/2024\/06\/Amar-Ground.png\" \/>\n\t<meta property=\"og:image:width\" content=\"1000\" \/>\n\t<meta property=\"og:image:height\" content=\"1000\" \/>\n\t<meta property=\"og:image:type\" content=\"image\/png\" \/>\n<meta name=\"twitter:card\" content=\"summary_large_image\" \/>\n<meta name=\"twitter:label1\" content=\"Est. reading time\" \/>\n\t<meta name=\"twitter:data1\" content=\"1 minut\" \/>\n<script type=\"application\/ld+json\" class=\"yoast-schema-graph\">{\"@context\":\"https:\\\/\\\/schema.org\",\"@graph\":[{\"@type\":\"WebPage\",\"@id\":\"https:\\\/\\\/www.ringsem.ee\\\/amar\\\/toode\\\/pinnakaitsematt-6mm\\\/\",\"url\":\"https:\\\/\\\/www.ringsem.ee\\\/amar\\\/toode\\\/pinnakaitsematt-6mm\\\/\",\"name\":\"Pinnakaitsematt 6 mm, 4 tonni\\\/m2 - Ringsem pinnakaitsematid\",\"isPartOf\":{\"@id\":\"https:\\\/\\\/ringsem.ee\\\/amar\\\/#website\"},\"primaryImageOfPage\":{\"@id\":\"https:\\\/\\\/www.ringsem.ee\\\/amar\\\/toode\\\/pinnakaitsematt-6mm\\\/#primaryimage\"},\"image\":{\"@id\":\"https:\\\/\\\/www.ringsem.ee\\\/amar\\\/toode\\\/pinnakaitsematt-6mm\\\/#primaryimage\"},\"thumbnailUrl\":\"https:\\\/\\\/www.ringsem.ee\\\/amar\\\/wp-content\\\/uploads\\\/2024\\\/06\\\/Amar-Ground.png\",\"datePublished\":\"2024-06-07T03:58:03+00:00\",\"dateModified\":\"2025-01-27T06:17:34+00:00\",\"breadcrumb\":{\"@id\":\"https:\\\/\\\/www.ringsem.ee\\\/amar\\\/toode\\\/pinnakaitsematt-6mm\\\/#breadcrumb\"},\"inLanguage\":\"et\",\"potentialAction\":[{\"@type\":\"ReadAction\",\"target\":[\"https:\\\/\\\/www.ringsem.ee\\\/amar\\\/toode\\\/pinnakaitsematt-6mm\\\/\"]}]},{\"@type\":\"ImageObject\",\"inLanguage\":\"et\",\"@id\":\"https:\\\/\\\/www.ringsem.ee\\\/amar\\\/toode\\\/pinnakaitsematt-6mm\\\/#primaryimage\",\"url\":\"https:\\\/\\\/www.ringsem.ee\\\/amar\\\/wp-content\\\/uploads\\\/2024\\\/06\\\/Amar-Ground.png\",\"contentUrl\":\"https:\\\/\\\/www.ringsem.ee\\\/amar\\\/wp-content\\\/uploads\\\/2024\\\/06\\\/Amar-Ground.png\",\"width\":1000,\"height\":1000},{\"@type\":\"BreadcrumbList\",\"@id\":\"https:\\\/\\\/www.ringsem.ee\\\/amar\\\/toode\\\/pinnakaitsematt-6mm\\\/#breadcrumb\",\"itemListElement\":[{\"@type\":\"ListItem\",\"position\":1,\"name\":\"Home\",\"item\":\"https:\\\/\\\/ringsem.ee\\\/amar\\\/\"},{\"@type\":\"ListItem\",\"position\":2,\"name\":\"Pood\",\"item\":\"http:\\\/\\\/www.ringsem.ee\\\/amar\\\/pood\\\/\"},{\"@type\":\"ListItem\",\"position\":3,\"name\":\"Pinnakaitsematt 6 mm, 4 tonni\\\/m2\"}]},{\"@type\":\"WebSite\",\"@id\":\"https:\\\/\\\/ringsem.ee\\\/amar\\\/#website\",\"url\":\"https:\\\/\\\/ringsem.ee\\\/amar\\\/\",\"name\":\"Ringsem Amar\",\"description\":\"Pinnakaitsemattidega kaitsed aluspinnast olgu selleks muru, sillutis v\u00f5i siseruumide p\u00f5rand.  Ringsem tootevalikus on Danrec-i kvaliteetsed ja pikaealised pinnakaitsematid.\",\"publisher\":{\"@id\":\"https:\\\/\\\/ringsem.ee\\\/amar\\\/#organization\"},\"alternateName\":\"Pinnakaitsematid\",\"potentialAction\":[{\"@type\":\"SearchAction\",\"target\":{\"@type\":\"EntryPoint\",\"urlTemplate\":\"https:\\\/\\\/ringsem.ee\\\/amar\\\/?s={search_term_string}\"},\"query-input\":{\"@type\":\"PropertyValueSpecification\",\"valueRequired\":true,\"valueName\":\"search_term_string\"}}],\"inLanguage\":\"et\"},{\"@type\":\"Organization\",\"@id\":\"https:\\\/\\\/ringsem.ee\\\/amar\\\/#organization\",\"name\":\"Amar pinnakaitsematid\",\"alternateName\":\"Ringsem.ee\",\"url\":\"https:\\\/\\\/ringsem.ee\\\/amar\\\/\",\"logo\":{\"@type\":\"ImageObject\",\"inLanguage\":\"et\",\"@id\":\"https:\\\/\\\/ringsem.ee\\\/amar\\\/#\\\/schema\\\/logo\\\/image\\\/\",\"url\":\"https:\\\/\\\/www.ringsem.ee\\\/amar\\\/wp-content\\\/uploads\\\/2025\\\/04\\\/cropped-Ringsem-logo-labipaistev-taust.png\",\"contentUrl\":\"https:\\\/\\\/www.ringsem.ee\\\/amar\\\/wp-content\\\/uploads\\\/2025\\\/04\\\/cropped-Ringsem-logo-labipaistev-taust.png\",\"width\":1234,\"height\":412,\"caption\":\"Amar pinnakaitsematid\"},\"image\":{\"@id\":\"https:\\\/\\\/ringsem.ee\\\/amar\\\/#\\\/schema\\\/logo\\\/image\\\/\"},\"sameAs\":[\"https:\\\/\\\/www.facebook.com\\\/profile.php?id=61565360201288\"]}]}<\/script>\n<!-- \/ Yoast SEO plugin. -->","yoast_head_json":{"title":"Pinnakaitsematt 6 mm, 4 tonni\/m2 - Ringsem pinnakaitsematid","robots":{"index":"index","follow":"follow","max-snippet":"max-snippet:-1","max-image-preview":"max-image-preview:large","max-video-preview":"max-video-preview:-1"},"canonical":"https:\/\/www.ringsem.ee\/amar\/toode\/pinnakaitsematt-6mm\/","og_locale":"et_EE","og_type":"article","og_title":"Pinnakaitsematt 6 mm, 4 tonni\/m2 - Ringsem pinnakaitsematid","og_description":"6 mm pinnakaitsematt, mustris\u00fcgavus 2mm  Kandv\u00f5ime 4 tonni\/m2.  Kasutusvaldkonnad: ajutised jalak\u00e4ijate ja kergliiklusteed, ajutine parkimine, ligip\u00e4\u00e4suteed lapsevankritele ja ratastoolidele, garaa\u017ei p\u00f5randad, kaide \u00e4\u00e4red, ...","og_url":"https:\/\/www.ringsem.ee\/amar\/toode\/pinnakaitsematt-6mm\/","og_site_name":"Ringsem pinnakaitsematid","article_publisher":"https:\/\/www.facebook.com\/profile.php?id=61565360201288","article_modified_time":"2025-01-27T06:17:34+00:00","og_image":[{"width":1000,"height":1000,"url":"https:\/\/www.ringsem.ee\/amar\/wp-content\/uploads\/2024\/06\/Amar-Ground.png","type":"image\/png"}],"twitter_card":"summary_large_image","twitter_misc":{"Est. reading time":"1 minut"},"schema":{"@context":"https:\/\/schema.org","@graph":[{"@type":"WebPage","@id":"https:\/\/www.ringsem.ee\/amar\/toode\/pinnakaitsematt-6mm\/","url":"https:\/\/www.ringsem.ee\/amar\/toode\/pinnakaitsematt-6mm\/","name":"Pinnakaitsematt 6 mm, 4 tonni\/m2 - Ringsem pinnakaitsematid","isPartOf":{"@id":"https:\/\/ringsem.ee\/amar\/#website"},"primaryImageOfPage":{"@id":"https:\/\/www.ringsem.ee\/amar\/toode\/pinnakaitsematt-6mm\/#primaryimage"},"image":{"@id":"https:\/\/www.ringsem.ee\/amar\/toode\/pinnakaitsematt-6mm\/#primaryimage"},"thumbnailUrl":"https:\/\/www.ringsem.ee\/amar\/wp-content\/uploads\/2024\/06\/Amar-Ground.png","datePublished":"2024-06-07T03:58:03+00:00","dateModified":"2025-01-27T06:17:34+00:00","breadcrumb":{"@id":"https:\/\/www.ringsem.ee\/amar\/toode\/pinnakaitsematt-6mm\/#breadcrumb"},"inLanguage":"et","potentialAction":[{"@type":"ReadAction","target":["https:\/\/www.ringsem.ee\/amar\/toode\/pinnakaitsematt-6mm\/"]}]},{"@type":"ImageObject","inLanguage":"et","@id":"https:\/\/www.ringsem.ee\/amar\/toode\/pinnakaitsematt-6mm\/#primaryimage","url":"https:\/\/www.ringsem.ee\/amar\/wp-content\/uploads\/2024\/06\/Amar-Ground.png","contentUrl":"https:\/\/www.ringsem.ee\/amar\/wp-content\/uploads\/2024\/06\/Amar-Ground.png","width":1000,"height":1000},{"@type":"BreadcrumbList","@id":"https:\/\/www.ringsem.ee\/amar\/toode\/pinnakaitsematt-6mm\/#breadcrumb","itemListElement":[{"@type":"ListItem","position":1,"name":"Home","item":"https:\/\/ringsem.ee\/amar\/"},{"@type":"ListItem","position":2,"name":"Pood","item":"http:\/\/www.ringsem.ee\/amar\/pood\/"},{"@type":"ListItem","position":3,"name":"Pinnakaitsematt 6 mm, 4 tonni\/m2"}]},{"@type":"WebSite","@id":"https:\/\/ringsem.ee\/amar\/#website","url":"https:\/\/ringsem.ee\/amar\/","name":"Ringsem Amar","description":"Pinnakaitsemattidega kaitsed aluspinnast olgu selleks muru, sillutis v\u00f5i siseruumide p\u00f5rand.  Ringsem tootevalikus on Danrec-i kvaliteetsed ja pikaealised pinnakaitsematid.","publisher":{"@id":"https:\/\/ringsem.ee\/amar\/#organization"},"alternateName":"Pinnakaitsematid","potentialAction":[{"@type":"SearchAction","target":{"@type":"EntryPoint","urlTemplate":"https:\/\/ringsem.ee\/amar\/?s={search_term_string}"},"query-input":{"@type":"PropertyValueSpecification","valueRequired":true,"valueName":"search_term_string"}}],"inLanguage":"et"},{"@type":"Organization","@id":"https:\/\/ringsem.ee\/amar\/#organization","name":"Amar pinnakaitsematid","alternateName":"Ringsem.ee","url":"https:\/\/ringsem.ee\/amar\/","logo":{"@type":"ImageObject","inLanguage":"et","@id":"https:\/\/ringsem.ee\/amar\/#\/schema\/logo\/image\/","url":"https:\/\/www.ringsem.ee\/amar\/wp-content\/uploads\/2025\/04\/cropped-Ringsem-logo-labipaistev-taust.png","contentUrl":"https:\/\/www.ringsem.ee\/amar\/wp-content\/uploads\/2025\/04\/cropped-Ringsem-logo-labipaistev-taust.png","width":1234,"height":412,"caption":"Amar pinnakaitsematid"},"image":{"@id":"https:\/\/ringsem.ee\/amar\/#\/schema\/logo\/image\/"},"sameAs":["https:\/\/www.facebook.com\/profile.php?id=61565360201288"]}]}},"uagb_featured_image_src":{"full":["https:\/\/www.ringsem.ee\/amar\/wp-content\/uploads\/2024\/06\/Amar-Ground.png",1000,1000,false],"thumbnail":["https:\/\/www.ringsem.ee\/amar\/wp-content\/uploads\/2024\/06\/Amar-Ground-150x150.png",150,150,true],"medium":["https:\/\/www.ringsem.ee\/amar\/wp-content\/uploads\/2024\/06\/Amar-Ground-300x300.png",300,300,true],"medium_large":["https:\/\/www.ringsem.ee\/amar\/wp-content\/uploads\/2024\/06\/Amar-Ground-768x768.png",768,768,true],"large":["https:\/\/www.ringsem.ee\/amar\/wp-content\/uploads\/2024\/06\/Amar-Ground.png",1000,1000,false],"1536x1536":["https:\/\/www.ringsem.ee\/amar\/wp-content\/uploads\/2024\/06\/Amar-Ground.png",1000,1000,false],"2048x2048":["https:\/\/www.ringsem.ee\/amar\/wp-content\/uploads\/2024\/06\/Amar-Ground.png",1000,1000,false],"woocommerce_thumbnail":["https:\/\/www.ringsem.ee\/amar\/wp-content\/uploads\/2024\/06\/Amar-Ground-300x300.png",300,300,true],"woocommerce_single":["https:\/\/www.ringsem.ee\/amar\/wp-content\/uploads\/2024\/06\/Amar-Ground-600x600.png",600,600,true],"woocommerce_gallery_thumbnail":["https:\/\/www.ringsem.ee\/amar\/wp-content\/uploads\/2024\/06\/Amar-Ground-100x100.png",100,100,true]},"uagb_author_info":{"display_name":"vilsaark","author_link":"https:\/\/www.ringsem.ee\/amar\/author\/"},"uagb_comment_info":0,"uagb_excerpt":"6 mm pinnakaitsematt, mustris\u00fcgavus 2mm Kandv\u00f5ime 4 tonni\/m2. Kasutusvaldkonnad: ajutised jalak\u00e4ijate ja kergliiklusteed, ajutine parkimine, ligip\u00e4\u00e4suteed lapsevankritele ja ratastoolidele, garaa\u017ei p\u00f5randad, kaide \u00e4\u00e4red, ...","jetpack_sharing_enabled":true,"_links":{"self":[{"href":"https:\/\/www.ringsem.ee\/amar\/wp-json\/wp\/v2\/product\/1589","targetHints":{"allow":["GET"]}}],"collection":[{"href":"https:\/\/www.ringsem.ee\/amar\/wp-json\/wp\/v2\/product"}],"about":[{"href":"https:\/\/www.ringsem.ee\/amar\/wp-json\/wp\/v2\/types\/product"}],"wp:featuredmedia":[{"embeddable":true,"href":"https:\/\/www.ringsem.ee\/amar\/wp-json\/wp\/v2\/media\/1593"}],"wp:attachment":[{"href":"https:\/\/www.ringsem.ee\/amar\/wp-json\/wp\/v2\/media?parent=1589"}],"wp:term":[{"taxonomy":"product_brand","embeddable":true,"href":"https:\/\/www.ringsem.ee\/amar\/wp-json\/wp\/v2\/product_brand?post=1589"},{"taxonomy":"product_cat","embeddable":true,"href":"https:\/\/www.ringsem.ee\/amar\/wp-json\/wp\/v2\/product_cat?post=1589"},{"taxonomy":"product_tag","embeddable":true,"href":"https:\/\/www.ringsem.ee\/amar\/wp-json\/wp\/v2\/product_tag?post=1589"}],"curies":[{"name":"wp","href":"https:\/\/api.w.org\/{rel}","templated":true}]}}