{"id":2789,"date":"2025-04-30T05:45:21","date_gmt":"2025-04-30T03:45:21","guid":{"rendered":"https:\/\/www.ringsem.ee\/amar\/?post_type=product&#038;p=2789"},"modified":"2025-07-29T10:07:47","modified_gmt":"2025-07-29T08:07:47","slug":"terra-grid-e-35-vaikesed-markerid","status":"publish","type":"product","link":"https:\/\/www.ringsem.ee\/amar\/toode\/terra-grid-e-35-vaikesed-markerid\/","title":{"rendered":"TERRA-GRID E 35 v\u00e4ikesed markerid"},"content":{"rendered":"<p>Muruk\u00e4rje TERRA-GRID E35 v\u00e4ikesed markerid asetuvad TERRA GRID E35 avadesse tugeva l\u00fckka sisse kinnitusega.<\/p>\n<p>V\u00e4rvitoonid valge ja kollane &#8211; v\u00e4iksema ja detailsema m\u00e4rgistuse loomiseks<\/p>\n","protected":false},"excerpt":{"rendered":"<p>Muruk\u00e4rje TERRA-GRID E35 v\u00e4ikesed markerid asetuvad TERRA GRID E35 avadesse tugeva l\u00fckka sisse kinnitusega. V\u00e4rvitoonid valge ja kollane &#8211; v\u00e4iksema ja detailsema m\u00e4rgistuse loomiseks<\/p>\n","protected":false},"featured_media":2779,"template":"","meta":{"_uag_custom_page_level_css":"","site-sidebar-layout":"default","site-content-layout":"","ast-site-content-layout":"default","site-content-style":"default","site-sidebar-style":"default","ast-global-header-display":"","ast-banner-title-visibility":"","ast-main-header-display":"","ast-hfb-above-header-display":"","ast-hfb-below-header-display":"","ast-hfb-mobile-header-display":"","site-post-title":"","ast-breadcrumbs-content":"","ast-featured-img":"","footer-sml-layout":"","theme-transparent-header-meta":"default","adv-header-id-meta":"","stick-header-meta":"","header-above-stick-meta":"","header-main-stick-meta":"","header-below-stick-meta":"","astra-migrate-meta-layouts":"set","ast-page-background-enabled":"default","ast-page-background-meta":{"desktop":{"background-color":"","background-image":"","background-repeat":"repeat","background-position":"center center","background-size":"auto","background-attachment":"scroll","background-type":"","background-media":"","overlay-type":"","overlay-color":"","overlay-opacity":"","overlay-gradient":""},"tablet":{"background-color":"","background-image":"","background-repeat":"repeat","background-position":"center center","background-size":"auto","background-attachment":"scroll","background-type":"","background-media":"","overlay-type":"","overlay-color":"","overlay-opacity":"","overlay-gradient":""},"mobile":{"background-color":"","background-image":"","background-repeat":"repeat","background-position":"center center","background-size":"auto","background-attachment":"scroll","background-type":"","background-media":"","overlay-type":"","overlay-color":"","overlay-opacity":"","overlay-gradient":""}},"ast-content-background-meta":{"desktop":{"background-color":"var(--ast-global-color-5)","background-image":"","background-repeat":"repeat","background-position":"center center","background-size":"auto","background-attachment":"scroll","background-type":"","background-media":"","overlay-type":"","overlay-color":"","overlay-opacity":"","overlay-gradient":""},"tablet":{"background-color":"var(--ast-global-color-5)","background-image":"","background-repeat":"repeat","background-position":"center center","background-size":"auto","background-attachment":"scroll","background-type":"","background-media":"","overlay-type":"","overlay-color":"","overlay-opacity":"","overlay-gradient":""},"mobile":{"background-color":"var(--ast-global-color-5)","background-image":"","background-repeat":"repeat","background-position":"center center","background-size":"auto","background-attachment":"scroll","background-type":"","background-media":"","overlay-type":"","overlay-color":"","overlay-opacity":"","overlay-gradient":""}}},"product_brand":[],"product_cat":[65],"product_tag":[68,70,71],"class_list":{"0":"post-2789","1":"product","2":"type-product","3":"status-publish","4":"has-post-thumbnail","6":"product_cat-murukargede-markerid","7":"product_tag-murukarje-marker","8":"product_tag-murukarje-markerid","9":"product_tag-parkimiskohtade-tahistus","10":"desktop-align-left","11":"tablet-align-left","12":"mobile-align-left","14":"first","15":"instock","16":"taxable","17":"shipping-taxable","18":"purchasable","19":"product-type-simple"},"yoast_head":"<!-- This site is optimized with the Yoast SEO plugin v27.5 - https:\/\/yoast.com\/product\/yoast-seo-wordpress\/ -->\n<title>TERRA-GRID E 35 v\u00e4ikesed markerid - Ringsem pinnakaitsematid<\/title>\n<meta name=\"description\" content=\"Muruk\u00e4rje TERRA-GRID E35 v\u00e4ikesed markerid asetuvad TERRA GRID E35 avadesse tugeva l\u00fckka sisse kinnitusega.\u00a0V\u00e4rvitoonid valge ja kollane - v\u00e4iksema ja detailsema m\u00f5rgistuse loomiseks\" \/>\n<meta name=\"robots\" content=\"index, follow, max-snippet:-1, max-image-preview:large, max-video-preview:-1\" \/>\n<link rel=\"canonical\" href=\"https:\/\/www.ringsem.ee\/amar\/toode\/terra-grid-e-35-vaikesed-markerid\/\" \/>\n<meta property=\"og:locale\" content=\"et_EE\" \/>\n<meta property=\"og:type\" content=\"article\" \/>\n<meta property=\"og:title\" content=\"TERRA-GRID E 35 v\u00e4ikesed markerid - Ringsem pinnakaitsematid\" \/>\n<meta property=\"og:description\" content=\"Muruk\u00e4rje TERRA-GRID E35 v\u00e4ikesed markerid asetuvad TERRA GRID E35 avadesse tugeva l\u00fckka sisse kinnitusega.\u00a0V\u00e4rvitoonid valge ja kollane - v\u00e4iksema ja detailsema m\u00f5rgistuse loomiseks\" \/>\n<meta property=\"og:url\" content=\"https:\/\/www.ringsem.ee\/amar\/toode\/terra-grid-e-35-vaikesed-markerid\/\" \/>\n<meta property=\"og:site_name\" content=\"Ringsem pinnakaitsematid\" \/>\n<meta property=\"article:publisher\" content=\"https:\/\/www.facebook.com\/profile.php?id=61565360201288\" \/>\n<meta property=\"article:modified_time\" content=\"2025-07-29T08:07:47+00:00\" \/>\n<meta property=\"og:image\" content=\"https:\/\/www.ringsem.ee\/amar\/wp-content\/uploads\/2025\/04\/Terra_grid-E35-vaiksesed_murukarje_markerid-1024x683.png\" \/>\n\t<meta property=\"og:image:width\" content=\"1024\" \/>\n\t<meta property=\"og:image:height\" content=\"683\" \/>\n\t<meta property=\"og:image:type\" content=\"image\/png\" \/>\n<meta name=\"twitter:card\" content=\"summary_large_image\" \/>\n<meta name=\"twitter:label1\" content=\"Est. reading time\" \/>\n\t<meta name=\"twitter:data1\" content=\"1 minut\" \/>\n<script type=\"application\/ld+json\" class=\"yoast-schema-graph\">{\"@context\":\"https:\\\/\\\/schema.org\",\"@graph\":[{\"@type\":\"WebPage\",\"@id\":\"https:\\\/\\\/www.ringsem.ee\\\/amar\\\/toode\\\/terra-grid-e-35-vaikesed-markerid\\\/\",\"url\":\"https:\\\/\\\/www.ringsem.ee\\\/amar\\\/toode\\\/terra-grid-e-35-vaikesed-markerid\\\/\",\"name\":\"TERRA-GRID E 35 v\u00e4ikesed markerid - Ringsem pinnakaitsematid\",\"isPartOf\":{\"@id\":\"https:\\\/\\\/ringsem.ee\\\/amar\\\/#website\"},\"primaryImageOfPage\":{\"@id\":\"https:\\\/\\\/www.ringsem.ee\\\/amar\\\/toode\\\/terra-grid-e-35-vaikesed-markerid\\\/#primaryimage\"},\"image\":{\"@id\":\"https:\\\/\\\/www.ringsem.ee\\\/amar\\\/toode\\\/terra-grid-e-35-vaikesed-markerid\\\/#primaryimage\"},\"thumbnailUrl\":\"https:\\\/\\\/www.ringsem.ee\\\/amar\\\/wp-content\\\/uploads\\\/2025\\\/04\\\/Terra_grid-E35-vaiksesed_murukarje_markerid.png\",\"datePublished\":\"2025-04-30T03:45:21+00:00\",\"dateModified\":\"2025-07-29T08:07:47+00:00\",\"description\":\"Muruk\u00e4rje TERRA-GRID E35 v\u00e4ikesed markerid asetuvad TERRA GRID E35 avadesse tugeva l\u00fckka sisse kinnitusega.\u00a0V\u00e4rvitoonid valge ja kollane - v\u00e4iksema ja detailsema m\u00f5rgistuse loomiseks\",\"breadcrumb\":{\"@id\":\"https:\\\/\\\/www.ringsem.ee\\\/amar\\\/toode\\\/terra-grid-e-35-vaikesed-markerid\\\/#breadcrumb\"},\"inLanguage\":\"et\",\"potentialAction\":[{\"@type\":\"ReadAction\",\"target\":[\"https:\\\/\\\/www.ringsem.ee\\\/amar\\\/toode\\\/terra-grid-e-35-vaikesed-markerid\\\/\"]}]},{\"@type\":\"ImageObject\",\"inLanguage\":\"et\",\"@id\":\"https:\\\/\\\/www.ringsem.ee\\\/amar\\\/toode\\\/terra-grid-e-35-vaikesed-markerid\\\/#primaryimage\",\"url\":\"https:\\\/\\\/www.ringsem.ee\\\/amar\\\/wp-content\\\/uploads\\\/2025\\\/04\\\/Terra_grid-E35-vaiksesed_murukarje_markerid.png\",\"contentUrl\":\"https:\\\/\\\/www.ringsem.ee\\\/amar\\\/wp-content\\\/uploads\\\/2025\\\/04\\\/Terra_grid-E35-vaiksesed_murukarje_markerid.png\",\"width\":1800,\"height\":1200},{\"@type\":\"BreadcrumbList\",\"@id\":\"https:\\\/\\\/www.ringsem.ee\\\/amar\\\/toode\\\/terra-grid-e-35-vaikesed-markerid\\\/#breadcrumb\",\"itemListElement\":[{\"@type\":\"ListItem\",\"position\":1,\"name\":\"Home\",\"item\":\"https:\\\/\\\/ringsem.ee\\\/amar\\\/\"},{\"@type\":\"ListItem\",\"position\":2,\"name\":\"Pood\",\"item\":\"http:\\\/\\\/www.ringsem.ee\\\/amar\\\/pood\\\/\"},{\"@type\":\"ListItem\",\"position\":3,\"name\":\"TERRA-GRID E 35 v\u00e4ikesed markerid\"}]},{\"@type\":\"WebSite\",\"@id\":\"https:\\\/\\\/ringsem.ee\\\/amar\\\/#website\",\"url\":\"https:\\\/\\\/ringsem.ee\\\/amar\\\/\",\"name\":\"Ringsem Amar\",\"description\":\"Pinnakaitsemattidega kaitsed aluspinnast olgu selleks muru, sillutis v\u00f5i siseruumide p\u00f5rand.  Ringsem tootevalikus on Danrec-i kvaliteetsed ja pikaealised pinnakaitsematid.\",\"publisher\":{\"@id\":\"https:\\\/\\\/ringsem.ee\\\/amar\\\/#organization\"},\"alternateName\":\"Pinnakaitsematid\",\"potentialAction\":[{\"@type\":\"SearchAction\",\"target\":{\"@type\":\"EntryPoint\",\"urlTemplate\":\"https:\\\/\\\/ringsem.ee\\\/amar\\\/?s={search_term_string}\"},\"query-input\":{\"@type\":\"PropertyValueSpecification\",\"valueRequired\":true,\"valueName\":\"search_term_string\"}}],\"inLanguage\":\"et\"},{\"@type\":\"Organization\",\"@id\":\"https:\\\/\\\/ringsem.ee\\\/amar\\\/#organization\",\"name\":\"Amar pinnakaitsematid\",\"alternateName\":\"Ringsem.ee\",\"url\":\"https:\\\/\\\/ringsem.ee\\\/amar\\\/\",\"logo\":{\"@type\":\"ImageObject\",\"inLanguage\":\"et\",\"@id\":\"https:\\\/\\\/ringsem.ee\\\/amar\\\/#\\\/schema\\\/logo\\\/image\\\/\",\"url\":\"https:\\\/\\\/www.ringsem.ee\\\/amar\\\/wp-content\\\/uploads\\\/2025\\\/04\\\/cropped-Ringsem-logo-labipaistev-taust.png\",\"contentUrl\":\"https:\\\/\\\/www.ringsem.ee\\\/amar\\\/wp-content\\\/uploads\\\/2025\\\/04\\\/cropped-Ringsem-logo-labipaistev-taust.png\",\"width\":1234,\"height\":412,\"caption\":\"Amar pinnakaitsematid\"},\"image\":{\"@id\":\"https:\\\/\\\/ringsem.ee\\\/amar\\\/#\\\/schema\\\/logo\\\/image\\\/\"},\"sameAs\":[\"https:\\\/\\\/www.facebook.com\\\/profile.php?id=61565360201288\"]}]}<\/script>\n<!-- \/ Yoast SEO plugin. -->","yoast_head_json":{"title":"TERRA-GRID E 35 v\u00e4ikesed markerid - Ringsem pinnakaitsematid","description":"Muruk\u00e4rje TERRA-GRID E35 v\u00e4ikesed markerid asetuvad TERRA GRID E35 avadesse tugeva l\u00fckka sisse kinnitusega.\u00a0V\u00e4rvitoonid valge ja kollane - v\u00e4iksema ja detailsema m\u00f5rgistuse loomiseks","robots":{"index":"index","follow":"follow","max-snippet":"max-snippet:-1","max-image-preview":"max-image-preview:large","max-video-preview":"max-video-preview:-1"},"canonical":"https:\/\/www.ringsem.ee\/amar\/toode\/terra-grid-e-35-vaikesed-markerid\/","og_locale":"et_EE","og_type":"article","og_title":"TERRA-GRID E 35 v\u00e4ikesed markerid - Ringsem pinnakaitsematid","og_description":"Muruk\u00e4rje TERRA-GRID E35 v\u00e4ikesed markerid asetuvad TERRA GRID E35 avadesse tugeva l\u00fckka sisse kinnitusega.\u00a0V\u00e4rvitoonid valge ja kollane - v\u00e4iksema ja detailsema m\u00f5rgistuse loomiseks","og_url":"https:\/\/www.ringsem.ee\/amar\/toode\/terra-grid-e-35-vaikesed-markerid\/","og_site_name":"Ringsem pinnakaitsematid","article_publisher":"https:\/\/www.facebook.com\/profile.php?id=61565360201288","article_modified_time":"2025-07-29T08:07:47+00:00","og_image":[{"width":1024,"height":683,"url":"https:\/\/www.ringsem.ee\/amar\/wp-content\/uploads\/2025\/04\/Terra_grid-E35-vaiksesed_murukarje_markerid-1024x683.png","type":"image\/png"}],"twitter_card":"summary_large_image","twitter_misc":{"Est. reading time":"1 minut"},"schema":{"@context":"https:\/\/schema.org","@graph":[{"@type":"WebPage","@id":"https:\/\/www.ringsem.ee\/amar\/toode\/terra-grid-e-35-vaikesed-markerid\/","url":"https:\/\/www.ringsem.ee\/amar\/toode\/terra-grid-e-35-vaikesed-markerid\/","name":"TERRA-GRID E 35 v\u00e4ikesed markerid - Ringsem pinnakaitsematid","isPartOf":{"@id":"https:\/\/ringsem.ee\/amar\/#website"},"primaryImageOfPage":{"@id":"https:\/\/www.ringsem.ee\/amar\/toode\/terra-grid-e-35-vaikesed-markerid\/#primaryimage"},"image":{"@id":"https:\/\/www.ringsem.ee\/amar\/toode\/terra-grid-e-35-vaikesed-markerid\/#primaryimage"},"thumbnailUrl":"https:\/\/www.ringsem.ee\/amar\/wp-content\/uploads\/2025\/04\/Terra_grid-E35-vaiksesed_murukarje_markerid.png","datePublished":"2025-04-30T03:45:21+00:00","dateModified":"2025-07-29T08:07:47+00:00","description":"Muruk\u00e4rje TERRA-GRID E35 v\u00e4ikesed markerid asetuvad TERRA GRID E35 avadesse tugeva l\u00fckka sisse kinnitusega.\u00a0V\u00e4rvitoonid valge ja kollane - v\u00e4iksema ja detailsema m\u00f5rgistuse loomiseks","breadcrumb":{"@id":"https:\/\/www.ringsem.ee\/amar\/toode\/terra-grid-e-35-vaikesed-markerid\/#breadcrumb"},"inLanguage":"et","potentialAction":[{"@type":"ReadAction","target":["https:\/\/www.ringsem.ee\/amar\/toode\/terra-grid-e-35-vaikesed-markerid\/"]}]},{"@type":"ImageObject","inLanguage":"et","@id":"https:\/\/www.ringsem.ee\/amar\/toode\/terra-grid-e-35-vaikesed-markerid\/#primaryimage","url":"https:\/\/www.ringsem.ee\/amar\/wp-content\/uploads\/2025\/04\/Terra_grid-E35-vaiksesed_murukarje_markerid.png","contentUrl":"https:\/\/www.ringsem.ee\/amar\/wp-content\/uploads\/2025\/04\/Terra_grid-E35-vaiksesed_murukarje_markerid.png","width":1800,"height":1200},{"@type":"BreadcrumbList","@id":"https:\/\/www.ringsem.ee\/amar\/toode\/terra-grid-e-35-vaikesed-markerid\/#breadcrumb","itemListElement":[{"@type":"ListItem","position":1,"name":"Home","item":"https:\/\/ringsem.ee\/amar\/"},{"@type":"ListItem","position":2,"name":"Pood","item":"http:\/\/www.ringsem.ee\/amar\/pood\/"},{"@type":"ListItem","position":3,"name":"TERRA-GRID E 35 v\u00e4ikesed markerid"}]},{"@type":"WebSite","@id":"https:\/\/ringsem.ee\/amar\/#website","url":"https:\/\/ringsem.ee\/amar\/","name":"Ringsem Amar","description":"Pinnakaitsemattidega kaitsed aluspinnast olgu selleks muru, sillutis v\u00f5i siseruumide p\u00f5rand.  Ringsem tootevalikus on Danrec-i kvaliteetsed ja pikaealised pinnakaitsematid.","publisher":{"@id":"https:\/\/ringsem.ee\/amar\/#organization"},"alternateName":"Pinnakaitsematid","potentialAction":[{"@type":"SearchAction","target":{"@type":"EntryPoint","urlTemplate":"https:\/\/ringsem.ee\/amar\/?s={search_term_string}"},"query-input":{"@type":"PropertyValueSpecification","valueRequired":true,"valueName":"search_term_string"}}],"inLanguage":"et"},{"@type":"Organization","@id":"https:\/\/ringsem.ee\/amar\/#organization","name":"Amar pinnakaitsematid","alternateName":"Ringsem.ee","url":"https:\/\/ringsem.ee\/amar\/","logo":{"@type":"ImageObject","inLanguage":"et","@id":"https:\/\/ringsem.ee\/amar\/#\/schema\/logo\/image\/","url":"https:\/\/www.ringsem.ee\/amar\/wp-content\/uploads\/2025\/04\/cropped-Ringsem-logo-labipaistev-taust.png","contentUrl":"https:\/\/www.ringsem.ee\/amar\/wp-content\/uploads\/2025\/04\/cropped-Ringsem-logo-labipaistev-taust.png","width":1234,"height":412,"caption":"Amar pinnakaitsematid"},"image":{"@id":"https:\/\/ringsem.ee\/amar\/#\/schema\/logo\/image\/"},"sameAs":["https:\/\/www.facebook.com\/profile.php?id=61565360201288"]}]}},"uagb_featured_image_src":{"full":["https:\/\/www.ringsem.ee\/amar\/wp-content\/uploads\/2025\/04\/Terra_grid-E35-vaiksesed_murukarje_markerid.png",1800,1200,false],"thumbnail":["https:\/\/www.ringsem.ee\/amar\/wp-content\/uploads\/2025\/04\/Terra_grid-E35-vaiksesed_murukarje_markerid-150x150.png",150,150,true],"medium":["https:\/\/www.ringsem.ee\/amar\/wp-content\/uploads\/2025\/04\/Terra_grid-E35-vaiksesed_murukarje_markerid-300x200.png",300,200,true],"medium_large":["https:\/\/www.ringsem.ee\/amar\/wp-content\/uploads\/2025\/04\/Terra_grid-E35-vaiksesed_murukarje_markerid-768x512.png",768,512,true],"large":["https:\/\/www.ringsem.ee\/amar\/wp-content\/uploads\/2025\/04\/Terra_grid-E35-vaiksesed_murukarje_markerid-1024x683.png",1024,683,true],"1536x1536":["https:\/\/www.ringsem.ee\/amar\/wp-content\/uploads\/2025\/04\/Terra_grid-E35-vaiksesed_murukarje_markerid-1536x1024.png",1536,1024,true],"2048x2048":["https:\/\/www.ringsem.ee\/amar\/wp-content\/uploads\/2025\/04\/Terra_grid-E35-vaiksesed_murukarje_markerid.png",1800,1200,false],"woocommerce_thumbnail":["https:\/\/www.ringsem.ee\/amar\/wp-content\/uploads\/2025\/04\/Terra_grid-E35-vaiksesed_murukarje_markerid-300x300.png",300,300,true],"woocommerce_single":["https:\/\/www.ringsem.ee\/amar\/wp-content\/uploads\/2025\/04\/Terra_grid-E35-vaiksesed_murukarje_markerid-600x400.png",600,400,true],"woocommerce_gallery_thumbnail":["https:\/\/www.ringsem.ee\/amar\/wp-content\/uploads\/2025\/04\/Terra_grid-E35-vaiksesed_murukarje_markerid-100x100.png",100,100,true]},"uagb_author_info":{"display_name":"vilsaark","author_link":"https:\/\/www.ringsem.ee\/amar\/author\/"},"uagb_comment_info":0,"uagb_excerpt":"Muruk\u00e4rje TERRA-GRID E35 v\u00e4ikesed markerid asetuvad TERRA GRID E35 avadesse tugeva l\u00fckka sisse kinnitusega. V\u00e4rvitoonid valge ja kollane &#8211; v\u00e4iksema ja detailsema m\u00e4rgistuse loomiseks","jetpack_sharing_enabled":true,"_links":{"self":[{"href":"https:\/\/www.ringsem.ee\/amar\/wp-json\/wp\/v2\/product\/2789","targetHints":{"allow":["GET"]}}],"collection":[{"href":"https:\/\/www.ringsem.ee\/amar\/wp-json\/wp\/v2\/product"}],"about":[{"href":"https:\/\/www.ringsem.ee\/amar\/wp-json\/wp\/v2\/types\/product"}],"wp:featuredmedia":[{"embeddable":true,"href":"https:\/\/www.ringsem.ee\/amar\/wp-json\/wp\/v2\/media\/2779"}],"wp:attachment":[{"href":"https:\/\/www.ringsem.ee\/amar\/wp-json\/wp\/v2\/media?parent=2789"}],"wp:term":[{"taxonomy":"product_brand","embeddable":true,"href":"https:\/\/www.ringsem.ee\/amar\/wp-json\/wp\/v2\/product_brand?post=2789"},{"taxonomy":"product_cat","embeddable":true,"href":"https:\/\/www.ringsem.ee\/amar\/wp-json\/wp\/v2\/product_cat?post=2789"},{"taxonomy":"product_tag","embeddable":true,"href":"https:\/\/www.ringsem.ee\/amar\/wp-json\/wp\/v2\/product_tag?post=2789"}],"curies":[{"name":"wp","href":"https:\/\/api.w.org\/{rel}","templated":true}]}}